{"id":79,"date":"2018-10-15T09:26:15","date_gmt":"2018-10-15T09:26:15","guid":{"rendered":"http:\/\/localhost\/johannessiebert\/?page_id=79"},"modified":"2019-04-23T11:20:21","modified_gmt":"2019-04-23T11:20:21","slug":"identifying-objectives-of-terrorists","status":"publish","type":"page","link":"https:\/\/johannessiebert.com\/?page_id=79","title":{"rendered":"Identifikation und Strukturierung der Ziele der Terrorgruppe Islamischen Staats und dessen Anh\u00e4nger"},"content":{"rendered":"\n<p>Im Sommer 2014\nstellte die Terrorgruppe Islamischer Staat eine der gr\u00f6\u00dften Bedrohungen f\u00fcr die\nBev\u00f6lkerung im Nahen Osten und der westlichen Welt dar. Lange mangelte es der\namerikanischen Regierung an einer klaren Strategie im Umgang mit dieser\nTerrorgruppe. Pr\u00e4sident Obama gab dies sogar \u00f6ffentlich zu (\u201cWe don\u2019t yet have\na complete strategy\u201d for fighting the Islamic State in Iraq; 28. August 2014,\nin Washington Post). <\/p>\n\n\n\n<p>Das Problem der\nMilit\u00e4rf\u00fchrung der Vereinigten Staaten bestand haupts\u00e4chlich darin, dass die\nMittel, die sich zum Schutz der Zielbev\u00f6lkerung vor der Terrorgruppe Al Qaeda\nals erfolgreich erwiesen hatten, bei der Terrorgruppe Islamischer Staat ihre\nWirkung verfehlten. Im Nachhinein betrachtet lag dies an den fundamental\nunterschiedlichen Strategien, die beide Terrorgruppen verfolgen. Um sinnvolle\nMa\u00dfnahmen zum Schutz der Zivilbev\u00f6lkerung ergreifen zu k\u00f6nnen, war es\nerforderlich herauszufinden, welche Ziele die Terrorgruppe Islamic State\nverfolgt, um anhand dessen m\u00f6gliche Strategien ableiten und Gegenma\u00dfnahmen\ndaran ausrichten zu k\u00f6nnen. <\/p>\n\n\n\n<p>Dieser anspruchsvollen Aufgabe haben sich die Professoren von Winterfeldt, Siebert, Abbas und John im Auftrag von General Nagata, Head of Special Operations Command Central (SOCCENT), am Center for Risk and Economic Analysis of Terrorism Events (CREATE) gewidmet. Die besondere Schwierigkeit bei der Identifikation der Ziele von Terroristen liegt darin, dass konventionelle Methoden der Entscheidungstheorie, wie beispielsweise Interviews und Frageb\u00f6gen, keine Anwendung finden k\u00f6nnen, da kein Zugriff auf m\u00f6gliche Gespr\u00e4chspartner besteht und sehr wahrscheinlich keine Kooperationsbereitschaft vorliegt. Dar\u00fcber hinaus m\u00fcssen Propaganda und wahre Ziele unterschieden werden. Die Terrorgruppe Al Qaeda hat z.B. das Ziel, \u201eein Kalifat zu errichten\u201c als Propaganda benutzt, um neue Anh\u00e4nger zu gewinnen. Im Gegensatz hat die Terrorgruppe sich eben diesem Ziel auf oberster Ebene verschrieben und sogar in Weiteren Teilen umgesetzt. <\/p>\n\n\n\n<p>Um den Mangel an direkten Informationsquellen zu kompensieren, analysierte Herr Prof. von Winterfeldt knapp 60 vom B\u00fcro des Joint Chiefs of Staff im Pentagon f\u00fcr diesen Zweck durchgef\u00fchrte semistrukturierte Interviews mit weltweiten Experten f\u00fcr Terrorismus, Islam, Politik, den Nahen Osten, etc. Deren Auswertung resultierte dabei in \u00fcber 353 unterschiedlichen Aussagen bez\u00fcglich m\u00f6glicher Werte der Terroristen, die in Ziele \u00fcbersetzt und danach in einer Zielhierarchie zusammengef\u00fchrt wurden. Prof. Siebert hat diesen Prozess auf Basis einer Suche in frei verf\u00fcgbaren Quellen repliziert. Dabei wurden insbesondere hierf\u00fcr transkribierte Reden der IS F\u00fchrer Al-Baghdadi und Al Adnani, sowie Zeitungsartikel und Propagandaschriften der Terrororganisation ausgewertet.  <\/p>\n\n\n\n<figure class=\"wp-block-image\"><img loading=\"lazy\" decoding=\"async\" width=\"960\" height=\"720\" src=\"http:\/\/localhost\/johannessiebert\/wp-content\/uploads\/2019\/04\/ISIL-Objectives-2.jpg\" alt=\"\" class=\"wp-image-405\" srcset=\"https:\/\/johannessiebert.com\/wp-content\/uploads\/2019\/04\/ISIL-Objectives-2.jpg 960w, https:\/\/johannessiebert.com\/wp-content\/uploads\/2019\/04\/ISIL-Objectives-2-300x225.jpg 300w, https:\/\/johannessiebert.com\/wp-content\/uploads\/2019\/04\/ISIL-Objectives-2-768x576.jpg 768w, https:\/\/johannessiebert.com\/wp-content\/uploads\/2019\/04\/ISIL-Objectives-2-750x563.jpg 750w\" sizes=\"auto, (max-width: 960px) 100vw, 960px\" \/><\/figure>\n\n\n\n<p>Aufgrund des\nNovit\u00e4tsgrads, der Relevanz der durchgef\u00fchrten Fallstudie und der neu\nkonzipierten Methode zur Identifikation von Zielen von Organisationen, auf die\nkein direkter Zugriff besteht, wurde das Projekt f\u00fcr das Finale des Practice\nAward der Decision Analysis Society des Institute for Operations Research and\nthe Management Sciences (INFORMS) im Jahre 2016 nominiert. Eine differenzierte\nDarstellung des Projekts und der Methode findet sich in [1] und eine\nZusammenfassung Projektbericht in [2]. <\/p>\n\n\n\n<ul class=\"wp-block-list\"><li>&nbsp;[1]\n     Siebert, Johannes; von Winterfeldt, Detlof; John, Richard. \u201cIdentifying\n     and Structuring the Objectives of the \u201cIslamic State of Iraq and the\n     Levant\u201d (ISIL) and its Followers.\u201d Decision Analysis (INFORMS), 13(1),\n     26-50. <a href=\"http:\/\/dx.doi.org\/10.1287\/deca.2015.0324\">(Link)<\/a>\n     <\/li><\/ul>\n\n\n\n<ul class=\"wp-block-list\"><li>[2] Nagata, M., Abbas, A.,\n     Atran, S., Braniff, B., Bringuel, A., al-Chalabi, M., &#8230; &amp; Corman, S.\n     (2014). Multi-\u2010Method Assessment of ISIL. <a href=\"https:\/\/digitalcommons.chapman.edu\/cgi\/viewcontent.cgi?article=1030&amp;context=sociology_articles\">(Link)<\/a> <\/li><li>https:\/\/www.informs.org\/Blogs\/DECA-Blogs\/DECA-Review\/Identifying-and-Structuring-the-Objectives-of-the-Islamic-State-of-Iraq-and-the-Levant-ISIL-and-its-Followers\n     (<a href=\"\u2022%09https:\/www.informs.org\/Blogs\/DECA-Blogs\/DECA-Review\/Identifying-and-Structuring-the-Objectives-of-the-Islamic-State-of-Iraq-and-the-Levant-ISIL-and-its-Followers\">Link<\/a>)<\/li><li>\u201eWer dem IS folgt, ist ein Loser\u201c, in Welt am Sonntag, No. 4, 24<sup>th<\/sup>\nof January, 2016. (<a href=\"http:\/\/www.welt.de\/regionales\/bayern\/article151334355\/Wer-dem-IS-folgt-ist-vor-allem-ein-Loser.html\">Link<\/a>)<\/li><li>\u201eWas macht den IS f\u00fcr\nAnh\u00e4nger attraktiv?\u201c, N24.de, 25<sup>th<\/sup> of January, 2016, (<a href=\"http:\/\/www.n24.de\/n24\/Mediathek\/videos\/d\/7959276\/was-macht-den-is-fuer-anhaenger-attraktiv-.html\">Link<\/a>)<\/li><\/ul>\n","protected":false},"excerpt":{"rendered":"<p>Im Sommer 2014 stellte die Terrorgruppe Islamischer Staat eine der gr\u00f6\u00dften Bedrohungen f\u00fcr die Bev\u00f6lkerung im Nahen Osten und der westlichen Welt dar. Lange mangelte es der amerikanischen Regierung an einer klaren Strategie im Umgang mit dieser Terrorgruppe. Pr\u00e4sident Obama gab dies sogar \u00f6ffentlich zu (\u201cWe don\u2019t yet have a complete strategy\u201d for fighting the [&hellip;]<\/p>\n","protected":false},"author":1,"featured_media":0,"parent":0,"menu_order":0,"comment_status":"closed","ping_status":"closed","template":"","meta":{"footnotes":""},"class_list":["post-79","page","type-page","status-publish","hentry"],"yoast_head":"<!-- This site is optimized with the Yoast SEO plugin v27.3 - https:\/\/yoast.com\/product\/yoast-seo-wordpress\/ -->\n<title>Identifikation und Strukturierung der Ziele der Terrorgruppe Islamischen Staats und dessen Anh\u00e4nger - Johannes Siebert<\/title>\n<meta name=\"robots\" content=\"index, follow, max-snippet:-1, max-image-preview:large, max-video-preview:-1\" \/>\n<link rel=\"canonical\" href=\"https:\/\/johannessiebert.com\/?page_id=79\" \/>\n<meta property=\"og:locale\" content=\"en_US\" \/>\n<meta property=\"og:type\" content=\"article\" \/>\n<meta property=\"og:title\" content=\"Identifikation und Strukturierung der Ziele der Terrorgruppe Islamischen Staats und dessen Anh\u00e4nger - Johannes Siebert\" \/>\n<meta property=\"og:description\" content=\"Im Sommer 2014 stellte die Terrorgruppe Islamischer Staat eine der gr\u00f6\u00dften Bedrohungen f\u00fcr die Bev\u00f6lkerung im Nahen Osten und der westlichen Welt dar. Lange mangelte es der amerikanischen Regierung an einer klaren Strategie im Umgang mit dieser Terrorgruppe. Pr\u00e4sident Obama gab dies sogar \u00f6ffentlich zu (\u201cWe don\u2019t yet have a complete strategy\u201d for fighting the [&hellip;]\" \/>\n<meta property=\"og:url\" content=\"https:\/\/johannessiebert.com\/?page_id=79\" \/>\n<meta property=\"og:site_name\" content=\"Johannes Siebert\" \/>\n<meta property=\"article:modified_time\" content=\"2019-04-23T11:20:21+00:00\" \/>\n<meta property=\"og:image\" content=\"http:\/\/localhost\/johannessiebert\/wp-content\/uploads\/2019\/04\/ISIL-Objectives-2.jpg\" \/>\n<meta name=\"twitter:card\" content=\"summary_large_image\" \/>\n<meta name=\"twitter:label1\" content=\"Est. reading time\" \/>\n\t<meta name=\"twitter:data1\" content=\"3 minutes\" \/>\n<script type=\"application\/ld+json\" class=\"yoast-schema-graph\">{\"@context\":\"https:\\\/\\\/schema.org\",\"@graph\":[{\"@type\":\"WebPage\",\"@id\":\"https:\\\/\\\/johannessiebert.com\\\/?page_id=79\",\"url\":\"https:\\\/\\\/johannessiebert.com\\\/?page_id=79\",\"name\":\"Identifikation und Strukturierung der Ziele der Terrorgruppe Islamischen Staats und dessen Anh\u00e4nger - Johannes Siebert\",\"isPartOf\":{\"@id\":\"https:\\\/\\\/johannessiebert.com\\\/#website\"},\"primaryImageOfPage\":{\"@id\":\"https:\\\/\\\/johannessiebert.com\\\/?page_id=79#primaryimage\"},\"image\":{\"@id\":\"https:\\\/\\\/johannessiebert.com\\\/?page_id=79#primaryimage\"},\"thumbnailUrl\":\"http:\\\/\\\/localhost\\\/johannessiebert\\\/wp-content\\\/uploads\\\/2019\\\/04\\\/ISIL-Objectives-2.jpg\",\"datePublished\":\"2018-10-15T09:26:15+00:00\",\"dateModified\":\"2019-04-23T11:20:21+00:00\",\"breadcrumb\":{\"@id\":\"https:\\\/\\\/johannessiebert.com\\\/?page_id=79#breadcrumb\"},\"inLanguage\":\"en-US\",\"potentialAction\":[{\"@type\":\"ReadAction\",\"target\":[\"https:\\\/\\\/johannessiebert.com\\\/?page_id=79\"]}]},{\"@type\":\"ImageObject\",\"inLanguage\":\"en-US\",\"@id\":\"https:\\\/\\\/johannessiebert.com\\\/?page_id=79#primaryimage\",\"url\":\"http:\\\/\\\/localhost\\\/johannessiebert\\\/wp-content\\\/uploads\\\/2019\\\/04\\\/ISIL-Objectives-2.jpg\",\"contentUrl\":\"http:\\\/\\\/localhost\\\/johannessiebert\\\/wp-content\\\/uploads\\\/2019\\\/04\\\/ISIL-Objectives-2.jpg\"},{\"@type\":\"BreadcrumbList\",\"@id\":\"https:\\\/\\\/johannessiebert.com\\\/?page_id=79#breadcrumb\",\"itemListElement\":[{\"@type\":\"ListItem\",\"position\":1,\"name\":\"Home\",\"item\":\"https:\\\/\\\/johannessiebert.com\\\/\"},{\"@type\":\"ListItem\",\"position\":2,\"name\":\"Identifikation und Strukturierung der Ziele der Terrorgruppe Islamischen Staats und dessen Anh\u00e4nger\"}]},{\"@type\":\"WebSite\",\"@id\":\"https:\\\/\\\/johannessiebert.com\\\/#website\",\"url\":\"https:\\\/\\\/johannessiebert.com\\\/\",\"name\":\"Johannes Siebert\",\"description\":\"\",\"publisher\":{\"@id\":\"https:\\\/\\\/johannessiebert.com\\\/#\\\/schema\\\/person\\\/88a0e8f3ff381564ff3156e66b6ef3bc\"},\"potentialAction\":[{\"@type\":\"SearchAction\",\"target\":{\"@type\":\"EntryPoint\",\"urlTemplate\":\"https:\\\/\\\/johannessiebert.com\\\/?s={search_term_string}\"},\"query-input\":{\"@type\":\"PropertyValueSpecification\",\"valueRequired\":true,\"valueName\":\"search_term_string\"}}],\"inLanguage\":\"en-US\"},{\"@type\":[\"Person\",\"Organization\"],\"@id\":\"https:\\\/\\\/johannessiebert.com\\\/#\\\/schema\\\/person\\\/88a0e8f3ff381564ff3156e66b6ef3bc\",\"name\":\"admin\",\"image\":{\"@type\":\"ImageObject\",\"inLanguage\":\"en-US\",\"@id\":\"https:\\\/\\\/johannessiebert.com\\\/wp-content\\\/uploads\\\/2021\\\/04\\\/168-Qualitaet-von-Entscheidungen-1.bmp\",\"url\":\"https:\\\/\\\/johannessiebert.com\\\/wp-content\\\/uploads\\\/2021\\\/04\\\/168-Qualitaet-von-Entscheidungen-1.bmp\",\"contentUrl\":\"https:\\\/\\\/johannessiebert.com\\\/wp-content\\\/uploads\\\/2021\\\/04\\\/168-Qualitaet-von-Entscheidungen-1.bmp\",\"width\":650,\"height\":738,\"caption\":\"admin\"},\"logo\":{\"@id\":\"https:\\\/\\\/johannessiebert.com\\\/wp-content\\\/uploads\\\/2021\\\/04\\\/168-Qualitaet-von-Entscheidungen-1.bmp\"}}]}<\/script>\n<!-- \/ Yoast SEO plugin. -->","yoast_head_json":{"title":"Identifikation und Strukturierung der Ziele der Terrorgruppe Islamischen Staats und dessen Anh\u00e4nger - Johannes Siebert","robots":{"index":"index","follow":"follow","max-snippet":"max-snippet:-1","max-image-preview":"max-image-preview:large","max-video-preview":"max-video-preview:-1"},"canonical":"https:\/\/johannessiebert.com\/?page_id=79","og_locale":"en_US","og_type":"article","og_title":"Identifikation und Strukturierung der Ziele der Terrorgruppe Islamischen Staats und dessen Anh\u00e4nger - Johannes Siebert","og_description":"Im Sommer 2014 stellte die Terrorgruppe Islamischer Staat eine der gr\u00f6\u00dften Bedrohungen f\u00fcr die Bev\u00f6lkerung im Nahen Osten und der westlichen Welt dar. Lange mangelte es der amerikanischen Regierung an einer klaren Strategie im Umgang mit dieser Terrorgruppe. Pr\u00e4sident Obama gab dies sogar \u00f6ffentlich zu (\u201cWe don\u2019t yet have a complete strategy\u201d for fighting the [&hellip;]","og_url":"https:\/\/johannessiebert.com\/?page_id=79","og_site_name":"Johannes Siebert","article_modified_time":"2019-04-23T11:20:21+00:00","og_image":[{"url":"http:\/\/localhost\/johannessiebert\/wp-content\/uploads\/2019\/04\/ISIL-Objectives-2.jpg","type":"","width":"","height":""}],"twitter_card":"summary_large_image","twitter_misc":{"Est. reading time":"3 minutes"},"schema":{"@context":"https:\/\/schema.org","@graph":[{"@type":"WebPage","@id":"https:\/\/johannessiebert.com\/?page_id=79","url":"https:\/\/johannessiebert.com\/?page_id=79","name":"Identifikation und Strukturierung der Ziele der Terrorgruppe Islamischen Staats und dessen Anh\u00e4nger - Johannes Siebert","isPartOf":{"@id":"https:\/\/johannessiebert.com\/#website"},"primaryImageOfPage":{"@id":"https:\/\/johannessiebert.com\/?page_id=79#primaryimage"},"image":{"@id":"https:\/\/johannessiebert.com\/?page_id=79#primaryimage"},"thumbnailUrl":"http:\/\/localhost\/johannessiebert\/wp-content\/uploads\/2019\/04\/ISIL-Objectives-2.jpg","datePublished":"2018-10-15T09:26:15+00:00","dateModified":"2019-04-23T11:20:21+00:00","breadcrumb":{"@id":"https:\/\/johannessiebert.com\/?page_id=79#breadcrumb"},"inLanguage":"en-US","potentialAction":[{"@type":"ReadAction","target":["https:\/\/johannessiebert.com\/?page_id=79"]}]},{"@type":"ImageObject","inLanguage":"en-US","@id":"https:\/\/johannessiebert.com\/?page_id=79#primaryimage","url":"http:\/\/localhost\/johannessiebert\/wp-content\/uploads\/2019\/04\/ISIL-Objectives-2.jpg","contentUrl":"http:\/\/localhost\/johannessiebert\/wp-content\/uploads\/2019\/04\/ISIL-Objectives-2.jpg"},{"@type":"BreadcrumbList","@id":"https:\/\/johannessiebert.com\/?page_id=79#breadcrumb","itemListElement":[{"@type":"ListItem","position":1,"name":"Home","item":"https:\/\/johannessiebert.com\/"},{"@type":"ListItem","position":2,"name":"Identifikation und Strukturierung der Ziele der Terrorgruppe Islamischen Staats und dessen Anh\u00e4nger"}]},{"@type":"WebSite","@id":"https:\/\/johannessiebert.com\/#website","url":"https:\/\/johannessiebert.com\/","name":"Johannes Siebert","description":"","publisher":{"@id":"https:\/\/johannessiebert.com\/#\/schema\/person\/88a0e8f3ff381564ff3156e66b6ef3bc"},"potentialAction":[{"@type":"SearchAction","target":{"@type":"EntryPoint","urlTemplate":"https:\/\/johannessiebert.com\/?s={search_term_string}"},"query-input":{"@type":"PropertyValueSpecification","valueRequired":true,"valueName":"search_term_string"}}],"inLanguage":"en-US"},{"@type":["Person","Organization"],"@id":"https:\/\/johannessiebert.com\/#\/schema\/person\/88a0e8f3ff381564ff3156e66b6ef3bc","name":"admin","image":{"@type":"ImageObject","inLanguage":"en-US","@id":"https:\/\/johannessiebert.com\/wp-content\/uploads\/2021\/04\/168-Qualitaet-von-Entscheidungen-1.bmp","url":"https:\/\/johannessiebert.com\/wp-content\/uploads\/2021\/04\/168-Qualitaet-von-Entscheidungen-1.bmp","contentUrl":"https:\/\/johannessiebert.com\/wp-content\/uploads\/2021\/04\/168-Qualitaet-von-Entscheidungen-1.bmp","width":650,"height":738,"caption":"admin"},"logo":{"@id":"https:\/\/johannessiebert.com\/wp-content\/uploads\/2021\/04\/168-Qualitaet-von-Entscheidungen-1.bmp"}}]}},"_links":{"self":[{"href":"https:\/\/johannessiebert.com\/index.php?rest_route=\/wp\/v2\/pages\/79","targetHints":{"allow":["GET"]}}],"collection":[{"href":"https:\/\/johannessiebert.com\/index.php?rest_route=\/wp\/v2\/pages"}],"about":[{"href":"https:\/\/johannessiebert.com\/index.php?rest_route=\/wp\/v2\/types\/page"}],"author":[{"embeddable":true,"href":"https:\/\/johannessiebert.com\/index.php?rest_route=\/wp\/v2\/users\/1"}],"replies":[{"embeddable":true,"href":"https:\/\/johannessiebert.com\/index.php?rest_route=%2Fwp%2Fv2%2Fcomments&post=79"}],"version-history":[{"count":11,"href":"https:\/\/johannessiebert.com\/index.php?rest_route=\/wp\/v2\/pages\/79\/revisions"}],"predecessor-version":[{"id":407,"href":"https:\/\/johannessiebert.com\/index.php?rest_route=\/wp\/v2\/pages\/79\/revisions\/407"}],"wp:attachment":[{"href":"https:\/\/johannessiebert.com\/index.php?rest_route=%2Fwp%2Fv2%2Fmedia&parent=79"}],"curies":[{"name":"wp","href":"https:\/\/api.w.org\/{rel}","templated":true}]}}