{"id":241,"date":"2019-02-06T12:54:20","date_gmt":"2019-02-06T12:54:20","guid":{"rendered":"http:\/\/localhost\/johannessiebert\/?page_id=241"},"modified":"2025-09-27T18:12:54","modified_gmt":"2025-09-27T18:12:54","slug":"medien","status":"publish","type":"page","link":"https:\/\/johannessiebert.com\/?page_id=241","title":{"rendered":"Medien"},"content":{"rendered":"\n<h4 class=\"wp-block-heading\">Printmedien<\/h4>\n\n\n\n<p>\u201eLebenslang lernen: Proaktive und smarte Entscheidungen treffen\u201c, <strong>Tiroler Tageszeitung<\/strong>, 27. August 2025<\/p>\n\n\n\n<p>\u201eIch habe Entscheiden nie gelernt\u201c &#8211; Ein Entscheidungsforscher erkl\u00e4rt, wie man der eigenen Unschl\u00fcssigkeit Schritt f\u00fcr Schritt begegnen kann\u201c, <strong>ZEIT Studienf\u00fchrer<\/strong>, 11. Mai 2025<\/p>\n\n\n\n<p>\u201eDer Weg zum Ziel Richtig Entscheidungen treffen, <a href=\"https:\/\/www.top.tirol\/news-forschung-innovation\/richtig-entscheidungen-treffen\">Tiroler Tageszeitung<\/a> &#8211; Beilage Karriere und Bildung, 3. Februar 2025<\/p>\n\n\n\n<p>\u201eGeneration A \u2013 Jungen Menschen Entscheidungen erleichtern?\u201c, <a href=\"https:\/\/www.kurier.de\/inhalt.generation-a-lost-am-handy-oder-was.210c70c8-81d9-4def-a5a3-b36ea31fb743.html\">Nordbayerischer Kurier<\/a>, 19. Juli 2024<\/p>\n\n\n\n<p>\u201eWie Sch\u00fcler lernen, gute Entscheidungen zu treffen\u201c, <a href=\"https:\/\/www.fraenkischertag.de\/lokales\/stadt-kulmbach\/wirtschaft\/projekt-der-adalbert-raps-stiftung-soll-schuelern-helfen-art-303242\">Fr\u00e4nkischer Tag<\/a>, 16. November 2023<\/p>\n\n\n\n<p>\u201ePer Mausklick zum Traumberuf\u201c, <a href=\"https:\/\/www.frankenpost.de\/inhalt.berufswahl-per-mausklick-zum-traumberuf.fe3ff2ad-fc4f-44a6-ae3f-07b5057d7b0d.html\">Frankenpost<\/a>, 10. November 2023<\/p>\n\n\n\n<p>\u201eKLUG entscheiden!\u201c f\u00fcr die berufliche Zukunft\u201c Die Forschungsprojekt an der Universit\u00e4t Bayreuth f\u00f6rdert die Studien- und Berufswahl von Sch\u00fclerinnen und Sch\u00fclern, <a href=\"https:\/\/www.karriereregion-bayreuth.de\/2023\/08\/19\/klug-entscheiden\/\">Nordbayerischer Kurier<\/a>, 19. August 2023<\/p>\n\n\n\n<p>\u201eKinderfrei leben \u2013 ohne Reue: \u00dcber eine im wahrsten Sinne des Wortes lebensver\u00e4ndernde Entscheidung: Kinder ja oder nein?\u201c, <a href=\"https:\/\/www.diepresse.com\/6238448\/kinderfrei-leben-ohne-reue\">Die Presse<\/a>, 19. Januar 2023<\/p>\n\n\n\n<p>&#8220;Wie das Schreiben der Masterarbeit gelingt&#8221;, <a href=\"https:\/\/www.derstandard.at\/story\/2000141590211\/wie-das-schreiben-der-masterarbeit-gelingt\">Der Standard,<\/a> 03. Dezember 2022<\/p>\n\n\n\n<p>\u201eWie werde ich mir dar\u00fcber klar, ob ich Kinder will?\u201c, <a href=\"https:\/\/www.derstandard.de\/story\/2000137561015\/wie-werde-ich-mir-klar-ob-ich-kinder-will\">Der Standard<\/a>, 28. Juli 2022<\/p>\n\n\n\n<p>\u201eWie man kluge Entscheidungen trifft\u201c, <a href=\"https:\/\/www.derstandard.at\/story\/2000131014107\/wie-man-kluge-entscheidungen-trifft\">Der Standard<\/a>, 10. November 2021<\/p>\n\n\n\n<p>\u201eWie man die besseren Lebensentscheidungen f\u00e4llt\u201c, in <a href=\"https:\/\/www.diepresse.com\/6047882\/wie-man-die-besseren-lebensentscheidungen-fallt\">Die Presse<\/a>, 15. Oktober 2021<\/p>\n\n\n\n<p>\u201eKLUGentscheiden: Eine Initiative, die jungen Menschen hilft, bessere Entscheidungen zu treffen\u201c, Verbandsmitteilungen mit Fachartikeln des Wirtschaftsphilologen Verband Bayern e.V., 10-13, Dezember 2020<\/p>\n\n\n\n<p>\u201cGute Entscheidung\u201d, Top.Tirol: Die besten Seiten der Tiroler Wirtschaft, Dezember 2020<\/p>\n\n\n\n<p>&#8220;Wie Krisen durch proaktives Entscheiden aktiv vermieden werden k\u00f6nnen\u201c, <a href=\"https:\/\/www.gor-ev.de\/publikationen\">OR-News<\/a>, Nr. 69, August 2020<\/p>\n\n\n\n<p>\u201cSo trifft man gute Entscheidungen\u201d, in VDI-Nachrichten: <a href=\"https:\/\/www.ingenieur.de\/wp-content\/uploads\/2019\/10\/Ingenieurkarriere-4-2019.pdf\">Ingenieurskarriere 4\/2019<\/a>, S. 6.<\/p>\n\n\n\n<p>\u201eWeichen f\u00fcr die Zukunft stellen\u201c, in Die Rheinlandpfalz, 1, Juni 2018<\/p>\n\n\n\n<p>\u201eWer dem IS folgt, ist ein Loser\u201c, in Welt am Sonntag, Nr. 4, 24. Januar 2016. (siehe auch <a href=\"http:\/\/www.welt.de\/regionales\/bayern\/article151334355\/Wer-dem-IS-folgt-ist-vor-allem-ein-Loser.html\">welt.de<\/a>)<\/p>\n\n\n\n<p>\u201eEndlich richtig entscheiden\u201c, N\u00fcrnberger Nachrichten, 6. Januar 2016<\/p>\n\n\n\n<p>\u201eDer IS handelt wie Manager\u201c Fr\u00e4nkischer Tag, 1. M\u00e4rz 2016<\/p>\n\n\n\n<h4 class=\"wp-block-heading\">Onlinemedien<\/h4>\n\n\n\n<p>\u201eEntscheidungswissenschaftler Johannes Siebert: Schule vorbei \u2013 und jetzt? Wie junge Menschen den passenden Beruf finden\u201c, <a href=\"https:\/\/www.focus.de\/familie\/ausbildung\/entscheidungswissenschaftler-johannes-siebert-schule-vorbei-und-jetzt-wie-junge-menschen-den-passenden-beruf-finden_22435455-3583-4c2a-8981-3b80dd727a0b.html\">Focus.de<\/a>, 14. Mai 2025<\/p>\n\n\n\n<p>\u201eInterview zum Thema, Schutz vor Falschinformationen\u2018\u201c, <a href=\"https:\/\/www.top.tirol\/news-forschung-innovation\/schutz-vor-falschmeldungen\">Top.Tirol<\/a>, 4. November 2024<\/p>\n\n\n\n<p>\u201eL\u00fcgen und Manipulation im Netz: Profi zeigt zwei Methoden, wie Sie sich effektiv gegen Fake News wappnen k\u00f6nnen\u201c, <a href=\"https:\/\/www.focus.de\/experts\/profi-zeigt-zwei-methoden-wie-sie-sich-effektiv-gegen-fake-news-wappnen-koennen_id_260161530.html\">Focus.de<\/a>, 17. September 2024<\/p>\n\n\n\n<p>\u201eVom Wunsch zur Wirklichkeit: Gl\u00fcck finden! Wenn Sie 6 Schritte beachten, treffen Sie gute Entscheidungen\u201c, <a href=\"https:\/\/www.focus.de\/experts\/vom-wunsch-zur-wirklichkeit-yes-we-can-mit-diesen-6-schritten-finden-sie-ihr-persoenliches-glueck_id_259842310.html\">Focus.de<\/a>\u201c, 19. April 2024<\/p>\n\n\n\n<p>\u201eTrotz Druck von Fans und Medien: Warum Vereine bei Trainerentlassungen zweimal \u00fcberlegen sollten\u201c, <a href=\"https:\/\/www.focus.de\/experts\/entscheidungsexperte-warnt-warum-vereine-bei-trainerentlassungen-zweimal-ueberlegen-sollten_id_259845761.html\">Focus.de<\/a>, 12. April 2024<\/p>\n\n\n\n<p>&#8220;Stellen Sie sich drei Schl\u00fcsselfragen, um Ihre Tr\u00e4ume zu verwirklichen\u201c, <a href=\"https:\/\/www.focus.de\/experts\/richtig-entscheiden-stellen-sie-sich-drei-schluesselfragen-um-traeume-zu-verwirklichen_id_259706293.html\">Focus.de<\/a>, 28. Februar 2024<\/p>\n\n\n\n<p>\u201eWas bei der Berufsorientierung in der Schule wichtig ist: Forschende erkl\u00e4ren, wie man Sch\u00fcler und Sch\u00fclerinnen bei der Studien- oder Ausbildungswahl am besten unterst\u00fctzt\u201c, <a href=\"https:\/\/www.campus-schulmanagement.de\/magazin\/was-bei-der-berufsorientierung-in-der-schule-wichtig-ist\">Campus Schulmagazin<\/a>, 8. November 2023<\/p>\n\n\n\n<p>\u201eFaktenchecks k\u00f6nnen nur ein erster Schritt sein\u201c, <a href=\"https:\/\/www.unipress.at\/wissenschaft\/faktenchecks-koennen-nur-ein-erster-schritt-sein\/\">Unipress.at<\/a>, 16. Februar 2022<\/p>\n\n\n\n<p>\u201eWie man trotz Unerfahrenheit gute Entscheidungen treffen kann\u201c <a href=\"https:\/\/www.familiii.at\/wie-man-trotz-unerfahrenheit-gute-entscheidungen-treffen-kann\/\">familiii.at<\/a>, 9. M\u00e4rz 2019<\/p>\n\n\n\n<p>\u201eWas macht den IS f\u00fcr Anh\u00e4nger attraktiv?\u201c, auf <a href=\"http:\/\/www.n24.de\/n24\/Mediathek\/videos\/d\/7959276\/was-macht-den-is-fuer-anhaenger-attraktiv-.html\">N24.de<\/a>, 25. Januar 2016<\/p>\n\n\n\n<p>\u201eIslamischer Staat\u201c; Wer sind die K\u00e4mpfer des IS?, Newsportal von gmx.de und <a href=\"http:\/\/web.de\/magazine\/politik\/Kampf-Islamischer-Staat-IS\/islamischer-staat-kaempfer-is-31316114\">web.de<\/a>, 29. Januar 2016<\/p>\n\n\n\n<p>\u201eGute Entscheidungen treffen trotz Unerfahrenheit\u201c, IMPUT! Aus der Uni in die Praxis. <a href=\"http:\/\/dzw.de\/epaper\/iNPUT!_2-17\/#\/6\">http:\/\/dzw.de\/epaper\/iNPUT!_2-17\/#\/6<\/a><\/p>\n\n\n\n<p>\u201eGive yourself a nudge: Wie Sie sich selbst \u201canstupsen\u201d k\u00f6nnen, systematisch beruflich und privat bessere Entscheidungen treffen\u201c, Bayreuther Stadtgespr\u00e4che, ver\u00f6ffentlicht am 2. September 2020 (<a href=\"https:\/\/www.uni-bayreuth.de\/de\/campusleben\/terminkalender\/stadtgespraeche\/index.html\">Link<\/a>, <a href=\"https:\/\/youtu.be\/4ic-MGXA_Pc\">Link<\/a>)<\/p>\n\n\n\n<h4 class=\"wp-block-heading\">Blogs<\/h4>\n\n\n\n<p>\u201cEmpowering Youth through Decision Education: The KLUGentscheiden! Initiative in Germany\u201c, Alliance for Decision Education, 21. November 2023 (<a href=\"https:\/\/alliancefordecisioneducation.org\/blog\/empowering-youth-through-decision-education-the-klugentscheiden-initiative-in-germany\/\">Link<\/a>)<\/p>\n\n\n\n<p>\u201eFuture Skill\u201c Entscheidungsf\u00e4higkeit kann trainiert werden. 2. Newsletter zum European Year of Skills \u2013 Lehre des Bundesministeriums f\u00fcr Arbeit und Wirtschaft, 28. Oktober 2023 (<a href=\"https:\/\/www.bmaw.gv.at\/European-Year-of-Skills\/Newsletter\/2-Newsletter-Lehre\/5-Skills-2030.html\">Link<\/a>)<\/p>\n\n\n\n<p>&#8220;Identifying and Structuring the Objectives of the &#8216;Islamic State of Iraq and the Levant&#8217; (ISIL) and its Followers. Decision Analysis Blogs&#8221;. 17. November 2015 (<a href=\"https:\/\/www.informs.org\/Blogs\/DECA-Blogs\/DECA-Review\/Identifying-and-Structuring-the-Objectives-of-the-Islamic-State-of-Iraq-and-the-Levant-ISIL-and-its-Followers\">Link<\/a>)<\/p>\n\n\n\n<p>Warum\ndas Treffen von Entscheidungen eine, wenn nicht die, Kernaufgabe von Managern\nund Startups ist. Und wie durch das (pro)aktive Treffen von Entscheidungen\nEinfluss auf das genommen wird, was wichtig ist. &#8211; Ein Interview mit dem\nExperten Prof. Dr. Johannes Siebert (<a href=\"https:\/\/www.werkstaette-wattens.at\/de\/news\/2019-02-07-smart-decision-making-for-entrepreneurs?fbclid=IwAR1BM3Omc8GzQOKmoRxJn6tq9oyBXitR-MAwMHRvrGxnj407FROtIm7GS5Q\">Link<\/a>)<\/p>\n\n\n\n<h4 class=\"wp-block-heading\">Pressemitteilungen<\/h4>\n\n\n\n<p>\u201eDas Forschungsprojekt \u201eKLUG entscheiden!\u201c f\u00f6rdert die Studien- und Berufswahl von Sch\u00fcler*innen\u201c, Universit\u00e4t Bayreuth, Pressemitteilung Nr. 112\/2023 vom 04. August 2023, (<a href=\"https:\/\/www.uni-bayreuth.de\/pressemitteilung\/KLUG-entscheiden\">Link<\/a>)<\/p>\n\n\n\n<p>\u201eTOP Bewertung f\u00fcr MCI MOOC \u201eSmart Entscheiden\u201c, News des Forschungsschwerpunks Innovation, Entrepreneurship &amp; Marketing am MCI | Die Unternehmerische Hochschule\u00ae, 3. Oktober 2022 (<a href=\"https:\/\/www.mci.edu\/de\/news-filter\/159-studiengaenge\/wirtschaft-management\/4503-top-bewertung-mci-mooc-smart-entscheiden\">Link<\/a>)<\/p>\n\n\n\n<p>\u201eReduktion des Einflusses von Fake News\u201c, News des Forschungsschwerpunkts Innovation, Entrepreneurship &amp; Marketing am MCI | Die Unternehmerische Hochschule\u00ae, 24. Februar 2022 (<a href=\"https:\/\/www.mci.edu\/de\/news-filter\/159-studiengaenge\/wirtschaft-management\/4065-reduktion-des-einflusses-von-fake-news\">Link<\/a>)<\/p>\n\n\n\n<p>\u201eThink Beyond: Smarte Entscheidungen und gro\u00dfe Ideen beim TEDxInnsbruck\u201c, MCI | Die Unternehmerische Hochschule\u00ae, 19. November 2021 (<a href=\"https:\/\/www.mci.edu\/de\/news-filter\/260-entrepreneurship-news\/3824-think-beyond-smarte-entscheidungen-und-grosse-ideen-beim-tedxinnsbruck\">Link<\/a>)<\/p>\n\n\n\n<p>\u201eReduktion des Einflusses von Fake News\u201c, News des Forschungsschwerpunkts Innovation, Entrepreneurship &amp; Marketing am MCI\u00ae Die Unternehmerische Hochschule vom 24. Februar 2022 (<a href=\"https:\/\/www.mci.edu\/de\/news-filter\/159-studiengaenge\/wirtschaft-management\/4065-reduktion-des-einflusses-von-fake-news\">Link<\/a>)<\/p>\n\n\n\n<p>\u201eKlug entscheiden lernen: Studien zeigen Einfluss von Schulungen auf das Entscheidungsverhalten\u201c, Medienmitteilung der Universit\u00e4t Bayreuth 020\/2021 vom 15. Februar 2021 (<a href=\"https:\/\/www.uni-bayreuth.de\/de\/universitaet\/presse\/pressemitteilungen\/2021\/020-klug-entscheiden-lernen\/index.html\">Link<\/a>, <a href=\"https:\/\/www.uni-bayreuth.de\/en\/university\/press\/press-releases\/2021\/020-learning-to-decide-wisely\/index.html\">Link<\/a>)<\/p>\n\n\n\n<p>\u201eInternationale Anerkennung f\u00fcr MCI-Professor Johannes Siebert -Renommierte Alliance for Decision Education um Nobelpreistr\u00e4ger Daniel Kahneman nimmt Johannes Siebert in Advisory Council auf | Anerkennung f\u00fcr Forschungsleistung im Bereich individuellen und organisatorischen Entscheidungsverhaltens\u201c, MCI\u00ae Die Unternehmerische Hochschule, <a href=\"https:\/\/www.mci.edu\/de\/medien\/news\/2958-internationale-anerkennung-fuer-mci-professor-johannes-siebert\">12. August 2020<\/a><\/p>\n\n\n\n<p>\u201eGive yourself a nudge: Wie Sie sich selbst \u201aanstupsen\u2018 k\u00f6nnen, um systematisch beruflich und privat bessere Entscheidungen zu treffen\u201c, Medienmitteilung der Universit\u00e4t Bayreuth, <a href=\"https:\/\/www.uni-bayreuth.de\/pressemitteilung\/give-yourself-a-nudge\">Nr. 115\/2020<\/a>. 21. August 2020<\/p>\n\n\n\n<p>\u201eWie man trotz Unerfahrenheit gute Entscheidungen treffen kann\u201c, Medienmitteilung der Universit\u00e4t Bayreuth, Nr. 162\/2016, 8. Dezember 2016<\/p>\n\n\n\n<p>\u201eEntscheiden ohne Tunnelblick \u2013 Wie sich die kreative Suche nach Alternativen lohnt\u201c, Medienmitteilung der Universit\u00e4t Bayreuth, <a href=\"https:\/\/www.uni-bayreuth.de\/de\/universitaet\/presse\/pressemitteilungen\/2015\/168-Qualitaet-von-Entscheidungen\/index.html\">Nr. 168\/2015<\/a>, 14. September 2015<\/p>\n\n\n\n<p>\u201eDie Ziele des Islamischen Staats: Neue Studie zu den F\u00fchrungspersonen des IS und seinen Anh\u00e4ngern, Medienmitteilung der Universit\u00e4t Bayreuth, <a href=\"https:\/\/www.uni-bayreuth.de\/de\/universitaet\/presse\/pressemitteilungen\/2015\/221-Ziele-des-IS\/index.html\">Nr. 221\/2015<\/a>, 25. November 2015<\/p>\n\n\n\n<h4 class=\"wp-block-heading\">Videos<\/h4>\n\n\n\n<p>&#8220;Teaser &#8211; MOOC Smarte Entscheidungen treffen, Youtube, ver\u00f6ffentlicht am 28. Oktober 2021 (<a href=\"https:\/\/www.youtube.com\/watch?v=thTen5r_dDU\">Link<\/a>)<\/p>\n\n\n\n<p>\u201cNudge yourself to make better decisions\u201d, TEDxInnsbruck, ver\u00f6ffentlicht am 27. Oktober 2021\u201d (<a href=\"https:\/\/www.ted.com\/talks\/johannes_siebert_nudge_yourself_to_make_better_decisions\">Link<\/a>, <a href=\"https:\/\/youtu.be\/-gqNOmdvwiI\">Link<\/a>)<\/p>\n\n\n\n<p>\u201cProactive Decision-Making Skills Enhance Life Satisfaction and Can Be Trained\u201d (<a href=\"https:\/\/www.youtube.com\/watch?v=8h-aoPh0peQ\">Link<\/a>)<\/p>\n\n\n\n<p>\u201cProactive decision-making skills can empower you and improve your life\u201d (<a href=\"https:\/\/www.youtube.com\/watch?v=OLSUm5rAiZU\">Link<\/a>)<\/p>\n\n\n\n<p>\u201cProaktives Entscheiden erh\u00f6ht Ihre Selbstwirksamkeit und kann Ihr Leben sch\u00f6ner machen\u201c (<a href=\"https:\/\/www.youtube.com\/watch?v=Q5q2xi0aDwg\">Link<\/a>).<\/p>\n\n\n\n<p>\u201eProaktives Entscheiden erh\u00f6ht die Lebenszufriedenheit und kann trainiert werden\u201c (<a href=\"https:\/\/www.youtube.com\/watch?v=2BzATLG_oKk\">Link<\/a>)<\/p>\n\n\n\n<p>\u201eGive yourself a nudge: Wie Sie sich selbst \u201canstupsen\u201d k\u00f6nnen, systematisch beruflich und privat bessere Entscheidungen treffen\u201c, Bayreuther Stadtgespr\u00e4che, ver\u00f6ffentlicht am 2. September 2020 (Link, Link) \u201eKrisen durch proaktives Entscheiden vermeiden\u201c Call for Inspirations anl\u00e4sslich des 100. Geburtstags des Verbands f\u00fcr Hochschullehrer f\u00fcr Betriebswirtschaft e.V. (VHB), ver\u00f6ffentlicht am 17. Juli 2020 (<a href=\"https:\/\/vhbonline.org\/ueber-uns\/vhb100-call-for-inspirations\">Link<\/a>, <a href=\"https:\/\/youtu.be\/QmIy0I78fDk\">Link<\/a>)<\/p>\n\n\n\n<h4 class=\"wp-block-heading\">\u00dcber das Entscheidungsunterst\u00fctzungstool \u201e<a href=\"https:\/\/entscheidungsnavi.de\/de\/#\/landingpage\">Entscheidungsnavi<\/a>\u201c<\/h4>\n\n\n\n<p>Bericht in der Aachener Zeitung vom 11. Januar 2018, RWTH-Entwicklung: Das Entscheidungsnavi f\u00fcr jedermann (<a href=\"http:\/\/www.aachener-zeitung.de\/lokales\/region\/rwth-entwicklung-das-entscheidungsnavi-fuer-jedermann-1.1799565\">Link<\/a>)<\/p>\n\n\n\n<p>Interview mit Welt N24 am 29. Dezember 2017 im Panorama, Entscheidungsnavi: Das Tool, das bei den gro\u00dfen Fragen hilft (<a href=\"https:\/\/www.welt.de\/vermischtes\/article171986771\/Entscheidungsnavi-Das-Tool-das-bei-den-grossen-Fragen-hilft.html\">Link<\/a>)<\/p>\n\n\n\n<p>Interview mit der S\u00fcddeutschen Zeitung, 10. Dezember 2017 (<a href=\"http:\/\/www.sueddeutsche.de\/panorama\/ein-anruf-bei-ruediger-von-nitzsch-erfinder-eines-entscheidungsnavis-1.3785941\">Link<\/a>)<\/p>\n\n\n\n<p>Audiobericht Deutschlandfunk Nova, 16. November 2017, Navi f\u00fcr Entscheidungen: Der Autopilot f\u00fcr Angsthasen (<a href=\"https:\/\/www.deutschlandfunknova.de\/beitrag\/navi-fuer-entscheidungen-angsthase-auf-autopilot\">Link<\/a>)<\/p>\n\n\n\n<p>Sendebeitrag in WDR Lokalzeit vom 15. November 2017 (<a href=\"http:\/\/www1.wdr.de\/mediathek\/video\/sendungen\/lokalzeit-aachen\/video-das-entscheidungsnavi-100.html\">Link<\/a>)<\/p>\n\n\n\n<p>Kurzbericht auf WDR Wissen und Technik vom 15. November 2017 (<a href=\"http:\/\/www1.wdr.de\/wissen\/technik\/entscheidung-navi-rwth-entscheidungsforschung-100.html\">Link<\/a>)<\/p>\n\n\n\n<p>Pressemitteilung der RWTH: \u201eGehen oder Bleiben\u201c vom 26. Oktober<\/p>\n","protected":false},"excerpt":{"rendered":"<p>Printmedien \u201eLebenslang lernen: Proaktive und smarte Entscheidungen treffen\u201c, Tiroler Tageszeitung, 27. August 2025 \u201eIch habe Entscheiden nie gelernt\u201c &#8211; Ein Entscheidungsforscher erkl\u00e4rt, wie man der eigenen Unschl\u00fcssigkeit Schritt f\u00fcr Schritt begegnen kann\u201c, ZEIT Studienf\u00fchrer, 11. Mai 2025 \u201eDer Weg zum Ziel Richtig Entscheidungen treffen, Tiroler Tageszeitung &#8211; Beilage Karriere und Bildung, 3. Februar 2025 \u201eGeneration [&hellip;]<\/p>\n","protected":false},"author":1,"featured_media":0,"parent":0,"menu_order":0,"comment_status":"closed","ping_status":"closed","template":"","meta":{"footnotes":""},"class_list":["post-241","page","type-page","status-publish","hentry"],"yoast_head":"<!-- This site is optimized with the Yoast SEO plugin v27.3 - https:\/\/yoast.com\/product\/yoast-seo-wordpress\/ -->\n<title>Medien - Johannes Siebert<\/title>\n<meta name=\"description\" content=\"Die Arbeiten des Verhaltens\u00f6konom Siebert werden regelm\u00e4\u00dfig von Medien aufgegriffen. Er besch\u00e4ftigt sich bspw. damit, wie a) junge Menschen lernen, bessere Entscheidungen zu treffen, b) der Einfluss von Fake News minimiert werden kann oder c) Ziele von Terroristen identifizierten werden k\u00f6nnen.\" \/>\n<meta name=\"robots\" content=\"index, follow, max-snippet:-1, max-image-preview:large, max-video-preview:-1\" \/>\n<link rel=\"canonical\" href=\"https:\/\/johannessiebert.com\/?page_id=241\" \/>\n<meta property=\"og:locale\" content=\"en_US\" \/>\n<meta property=\"og:type\" content=\"article\" \/>\n<meta property=\"og:title\" content=\"Medien - Johannes Siebert\" \/>\n<meta property=\"og:description\" content=\"Die Arbeiten des Verhaltens\u00f6konom Siebert werden regelm\u00e4\u00dfig von Medien aufgegriffen. Er besch\u00e4ftigt sich bspw. damit, wie a) junge Menschen lernen, bessere Entscheidungen zu treffen, b) der Einfluss von Fake News minimiert werden kann oder c) Ziele von Terroristen identifizierten werden k\u00f6nnen.\" \/>\n<meta property=\"og:url\" content=\"https:\/\/johannessiebert.com\/?page_id=241\" \/>\n<meta property=\"og:site_name\" content=\"Johannes Siebert\" \/>\n<meta property=\"article:modified_time\" content=\"2025-09-27T18:12:54+00:00\" \/>\n<meta name=\"twitter:card\" content=\"summary_large_image\" \/>\n<meta name=\"twitter:label1\" content=\"Est. reading time\" \/>\n\t<meta name=\"twitter:data1\" content=\"5 minutes\" \/>\n<script type=\"application\/ld+json\" class=\"yoast-schema-graph\">{\"@context\":\"https:\\\/\\\/schema.org\",\"@graph\":[{\"@type\":\"WebPage\",\"@id\":\"https:\\\/\\\/johannessiebert.com\\\/?page_id=241\",\"url\":\"https:\\\/\\\/johannessiebert.com\\\/?page_id=241\",\"name\":\"Medien - Johannes Siebert\",\"isPartOf\":{\"@id\":\"https:\\\/\\\/johannessiebert.com\\\/#website\"},\"datePublished\":\"2019-02-06T12:54:20+00:00\",\"dateModified\":\"2025-09-27T18:12:54+00:00\",\"description\":\"Die Arbeiten des Verhaltens\u00f6konom Siebert werden regelm\u00e4\u00dfig von Medien aufgegriffen. Er besch\u00e4ftigt sich bspw. damit, wie a) junge Menschen lernen, bessere Entscheidungen zu treffen, b) der Einfluss von Fake News minimiert werden kann oder c) Ziele von Terroristen identifizierten werden k\u00f6nnen.\",\"breadcrumb\":{\"@id\":\"https:\\\/\\\/johannessiebert.com\\\/?page_id=241#breadcrumb\"},\"inLanguage\":\"en-US\",\"potentialAction\":[{\"@type\":\"ReadAction\",\"target\":[\"https:\\\/\\\/johannessiebert.com\\\/?page_id=241\"]}]},{\"@type\":\"BreadcrumbList\",\"@id\":\"https:\\\/\\\/johannessiebert.com\\\/?page_id=241#breadcrumb\",\"itemListElement\":[{\"@type\":\"ListItem\",\"position\":1,\"name\":\"Home\",\"item\":\"https:\\\/\\\/johannessiebert.com\\\/\"},{\"@type\":\"ListItem\",\"position\":2,\"name\":\"Medien\"}]},{\"@type\":\"WebSite\",\"@id\":\"https:\\\/\\\/johannessiebert.com\\\/#website\",\"url\":\"https:\\\/\\\/johannessiebert.com\\\/\",\"name\":\"Johannes Siebert\",\"description\":\"\",\"publisher\":{\"@id\":\"https:\\\/\\\/johannessiebert.com\\\/#\\\/schema\\\/person\\\/88a0e8f3ff381564ff3156e66b6ef3bc\"},\"potentialAction\":[{\"@type\":\"SearchAction\",\"target\":{\"@type\":\"EntryPoint\",\"urlTemplate\":\"https:\\\/\\\/johannessiebert.com\\\/?s={search_term_string}\"},\"query-input\":{\"@type\":\"PropertyValueSpecification\",\"valueRequired\":true,\"valueName\":\"search_term_string\"}}],\"inLanguage\":\"en-US\"},{\"@type\":[\"Person\",\"Organization\"],\"@id\":\"https:\\\/\\\/johannessiebert.com\\\/#\\\/schema\\\/person\\\/88a0e8f3ff381564ff3156e66b6ef3bc\",\"name\":\"admin\",\"image\":{\"@type\":\"ImageObject\",\"inLanguage\":\"en-US\",\"@id\":\"https:\\\/\\\/johannessiebert.com\\\/wp-content\\\/uploads\\\/2021\\\/04\\\/168-Qualitaet-von-Entscheidungen-1.bmp\",\"url\":\"https:\\\/\\\/johannessiebert.com\\\/wp-content\\\/uploads\\\/2021\\\/04\\\/168-Qualitaet-von-Entscheidungen-1.bmp\",\"contentUrl\":\"https:\\\/\\\/johannessiebert.com\\\/wp-content\\\/uploads\\\/2021\\\/04\\\/168-Qualitaet-von-Entscheidungen-1.bmp\",\"width\":650,\"height\":738,\"caption\":\"admin\"},\"logo\":{\"@id\":\"https:\\\/\\\/johannessiebert.com\\\/wp-content\\\/uploads\\\/2021\\\/04\\\/168-Qualitaet-von-Entscheidungen-1.bmp\"}}]}<\/script>\n<!-- \/ Yoast SEO plugin. -->","yoast_head_json":{"title":"Medien - Johannes Siebert","description":"Die Arbeiten des Verhaltens\u00f6konom Siebert werden regelm\u00e4\u00dfig von Medien aufgegriffen. Er besch\u00e4ftigt sich bspw. damit, wie a) junge Menschen lernen, bessere Entscheidungen zu treffen, b) der Einfluss von Fake News minimiert werden kann oder c) Ziele von Terroristen identifizierten werden k\u00f6nnen.","robots":{"index":"index","follow":"follow","max-snippet":"max-snippet:-1","max-image-preview":"max-image-preview:large","max-video-preview":"max-video-preview:-1"},"canonical":"https:\/\/johannessiebert.com\/?page_id=241","og_locale":"en_US","og_type":"article","og_title":"Medien - Johannes Siebert","og_description":"Die Arbeiten des Verhaltens\u00f6konom Siebert werden regelm\u00e4\u00dfig von Medien aufgegriffen. Er besch\u00e4ftigt sich bspw. damit, wie a) junge Menschen lernen, bessere Entscheidungen zu treffen, b) der Einfluss von Fake News minimiert werden kann oder c) Ziele von Terroristen identifizierten werden k\u00f6nnen.","og_url":"https:\/\/johannessiebert.com\/?page_id=241","og_site_name":"Johannes Siebert","article_modified_time":"2025-09-27T18:12:54+00:00","twitter_card":"summary_large_image","twitter_misc":{"Est. reading time":"5 minutes"},"schema":{"@context":"https:\/\/schema.org","@graph":[{"@type":"WebPage","@id":"https:\/\/johannessiebert.com\/?page_id=241","url":"https:\/\/johannessiebert.com\/?page_id=241","name":"Medien - Johannes Siebert","isPartOf":{"@id":"https:\/\/johannessiebert.com\/#website"},"datePublished":"2019-02-06T12:54:20+00:00","dateModified":"2025-09-27T18:12:54+00:00","description":"Die Arbeiten des Verhaltens\u00f6konom Siebert werden regelm\u00e4\u00dfig von Medien aufgegriffen. Er besch\u00e4ftigt sich bspw. damit, wie a) junge Menschen lernen, bessere Entscheidungen zu treffen, b) der Einfluss von Fake News minimiert werden kann oder c) Ziele von Terroristen identifizierten werden k\u00f6nnen.","breadcrumb":{"@id":"https:\/\/johannessiebert.com\/?page_id=241#breadcrumb"},"inLanguage":"en-US","potentialAction":[{"@type":"ReadAction","target":["https:\/\/johannessiebert.com\/?page_id=241"]}]},{"@type":"BreadcrumbList","@id":"https:\/\/johannessiebert.com\/?page_id=241#breadcrumb","itemListElement":[{"@type":"ListItem","position":1,"name":"Home","item":"https:\/\/johannessiebert.com\/"},{"@type":"ListItem","position":2,"name":"Medien"}]},{"@type":"WebSite","@id":"https:\/\/johannessiebert.com\/#website","url":"https:\/\/johannessiebert.com\/","name":"Johannes Siebert","description":"","publisher":{"@id":"https:\/\/johannessiebert.com\/#\/schema\/person\/88a0e8f3ff381564ff3156e66b6ef3bc"},"potentialAction":[{"@type":"SearchAction","target":{"@type":"EntryPoint","urlTemplate":"https:\/\/johannessiebert.com\/?s={search_term_string}"},"query-input":{"@type":"PropertyValueSpecification","valueRequired":true,"valueName":"search_term_string"}}],"inLanguage":"en-US"},{"@type":["Person","Organization"],"@id":"https:\/\/johannessiebert.com\/#\/schema\/person\/88a0e8f3ff381564ff3156e66b6ef3bc","name":"admin","image":{"@type":"ImageObject","inLanguage":"en-US","@id":"https:\/\/johannessiebert.com\/wp-content\/uploads\/2021\/04\/168-Qualitaet-von-Entscheidungen-1.bmp","url":"https:\/\/johannessiebert.com\/wp-content\/uploads\/2021\/04\/168-Qualitaet-von-Entscheidungen-1.bmp","contentUrl":"https:\/\/johannessiebert.com\/wp-content\/uploads\/2021\/04\/168-Qualitaet-von-Entscheidungen-1.bmp","width":650,"height":738,"caption":"admin"},"logo":{"@id":"https:\/\/johannessiebert.com\/wp-content\/uploads\/2021\/04\/168-Qualitaet-von-Entscheidungen-1.bmp"}}]}},"_links":{"self":[{"href":"https:\/\/johannessiebert.com\/index.php?rest_route=\/wp\/v2\/pages\/241","targetHints":{"allow":["GET"]}}],"collection":[{"href":"https:\/\/johannessiebert.com\/index.php?rest_route=\/wp\/v2\/pages"}],"about":[{"href":"https:\/\/johannessiebert.com\/index.php?rest_route=\/wp\/v2\/types\/page"}],"author":[{"embeddable":true,"href":"https:\/\/johannessiebert.com\/index.php?rest_route=\/wp\/v2\/users\/1"}],"replies":[{"embeddable":true,"href":"https:\/\/johannessiebert.com\/index.php?rest_route=%2Fwp%2Fv2%2Fcomments&post=241"}],"version-history":[{"count":40,"href":"https:\/\/johannessiebert.com\/index.php?rest_route=\/wp\/v2\/pages\/241\/revisions"}],"predecessor-version":[{"id":2081,"href":"https:\/\/johannessiebert.com\/index.php?rest_route=\/wp\/v2\/pages\/241\/revisions\/2081"}],"wp:attachment":[{"href":"https:\/\/johannessiebert.com\/index.php?rest_route=%2Fwp%2Fv2%2Fmedia&parent=241"}],"curies":[{"name":"wp","href":"https:\/\/api.w.org\/{rel}","templated":true}]}}