{"id":167,"date":"2019-02-04T19:30:23","date_gmt":"2019-02-04T19:30:23","guid":{"rendered":"http:\/\/localhost\/johannessiebert\/?page_id=167"},"modified":"2026-03-18T15:50:12","modified_gmt":"2026-03-18T15:50:12","slug":"ueber-mich","status":"publish","type":"page","link":"https:\/\/johannessiebert.com\/?page_id=167","title":{"rendered":"\u00dcber mich"},"content":{"rendered":"\n<p>Ich erforsche, wie sich datengetriebene Analysen systematisch in bessere Entscheidungen \u00fcbersetzen lassen. Mein Ziel ist es, Entscheidungsprozesse von Individuen, Organisationen und \u00f6ffentlichen Institutionen zu verstehen, zu modellieren und nachhaltig zu verbessern.<\/p>\n\n\n\n<p>Ziel ist es, Entscheidungsqualit\u00e4t messbar zu verbessern und dadurch bessere individuelle, organisationale und gesellschaftliche Ergebnisse zu erm\u00f6glichen.<\/p>\n\n\n\n<p>Im Zentrum steht dabei die Frage, wie aus Daten tats\u00e4chlich tragf\u00e4hige Entscheidungen entstehen \u2013 insbesondere unter Unsicherheit, Zielkonflikten und begrenzter kognitiver Verarbeitungskapazit\u00e4t. Ein besonderer Fokus liegt auf Supply Chain Management und operativen Wertsch\u00f6pfungssystemen, in denen datengetriebene Entscheidungen unter Unsicherheit eine zentrale Rolle spielen.<\/p>\n\n\n\n<p>Mein Forschungsprogramm verbindet datengetriebene Business Analytics mit pr\u00e4skriptiver Entscheidungsanalyse und empirischer Verhaltensforschung. Ich verfolge damit eine konsistente <em>Predict-to-Decide<\/em>-Perspektive: Prognosen werden nicht isoliert betrachtet, sondern systematisch in nachvollziehbare, robuste und verantwortbare Entscheidungsregeln \u00fcberf\u00fchrt. Ziel ist es, Daten systematisch in bessere Entscheidungen zu \u00fcbersetzen.<\/p>\n\n\n\n<p>Methodisch arbeite ich an der Schnittstelle von Behavioral Operational Research und Entscheidungsanalyse. Konzepte wie Value-Focused Thinking, multikriterielle Entscheidungsanalyse und Bayesian Decision Analysis bilden dabei zentrale Bausteine.<\/p>\n\n\n\n<p>Meine Forschung leistet Beitr\u00e4ge zur Frage, wie Entscheidungsqualit\u00e4t messbar gemacht und gezielt verbessert werden kann. Ich arbeite eng mit f\u00fchrenden Pers\u00f6nlichkeiten des Feldes zusammen, darunter Ralph Keeney, einer der Begr\u00fcnder der modernen Entscheidungsanalyse.<\/p>\n\n\n\n<p>In Lehre und Training unterst\u00fctze ich Menschen dabei, fundierte und reflektierte Entscheidungen zu treffen \u2013 von Sch\u00fclerinnen und Sch\u00fclern \u00fcber Studierende bis hin zu F\u00fchrungskr\u00e4ften und politischen Entscheidungstr\u00e4gern. Mein MOOC \u201e<a href=\"https:\/\/imoox.at\/course\/smartentscheiden\"><strong>Proaktiv smarte Entscheidungen treffen<\/strong><\/a>\u201c (gemeinsam mit Ralph Keeney) geh\u00f6rt zu den bestbewerteten Kursen auf der Plattform iMooX.<\/p>\n\n\n\n<p>In der Beratung unterst\u00fctze ich Organisationen dabei, komplexe Entscheidungen zu strukturieren, datenbasiert zu analysieren und in konsistente, umsetzbare Entscheidungsregeln zu \u00fcberf\u00fchren. Dabei verbinde ich Datenanalyse, Entscheidungsmodelle und verhaltenswissenschaftliche Erkenntnisse, um Entscheidungsprozesse wirksam zu verbessern \u2013 insbesondere in datenintensiven Bereichen wie Supply Chain Management.<\/p>\n\n\n\n<p>Ich bringe Forschung aktiv in Praxis und \u00d6ffentlichkeit \u2013 durch Medienbeitr\u00e4ge (z. B. DER STANDARD, ZEIT Studienf\u00fchrer, Focus Online), Vortr\u00e4ge (u. a. TEDxInnsbruck) und evidenzbasierte Trainingsformate.<\/p>\n\n\n\n<p><\/p>\n\n\n\n<p><\/p>\n\n\n\n<p><strong> <\/strong><\/p>\n\n\n\n<p><strong>Academic Short Bio<\/strong><\/p>\n\n\n\n<p>Johannes Siebert habilitated in Business Administration and Economics with a particular focus on Behavioral Operations Research and Decision Making at the University of Bayreuth, Germany, and teaches Decision Sciences and Behavioral Economics at MCI | THE ENTREPREUNRIAL SCHOOL\u00ae, Innsbruck, Austria. He has published papers in leading international journals such as Operations Research (A+) and the European Journal of Operational Research (A).<\/p>\n\n\n\n<p>He is a <a href=\"https:\/\/www.mcdmsociety.org\/\">Member of the Executive Committee of the International Society on MCDM<\/a>, a <a href=\"https:\/\/www.euro-online.org\/websites\/bor\/\">Member of the Coordinating Board of the European Working Group of Behavioral Operations Research<\/a>, and a <a href=\"https:\/\/pubsonline.informs.org\/journal\/deca\">Member of the Editorial Board of the INFORMS journal Decision Analysis<\/a>. In addition, he serves on the <a href=\"https:\/\/alliancefordecisioneducation.org\/learn\/about-the-alliance\/council\/\">Advisory Council of the Alliance for Decision Education<\/a> with leading researchers such as the late Daniel Kahneman and Richard Thaler to promote decision education for adolescents worldwide.<\/p>\n\n\n\n<p>Johannes&#8217;s research objective is to contribute to better-informed decision making and thereby make better decisions for individuals and organizations. He <a href=\"https:\/\/johannessiebert.com\/?p=1027\">conceptualized and validated a six-dimensional scale for measuring good, proactive decision-making (PDM)<\/a>. He showed that <a href=\"https:\/\/johannessiebert.com\/?p=1022\">PDM explains a substantial share of life satisfaction, i.e., those who are more proactive in their decision making are more satisfied with their life<\/a>, and that <a href=\"https:\/\/johannessiebert.com\/?p=1015\">PDM can be trained in decision-making courses<\/a>. These empirical findings suggest that decision-making courses have a positive impact on participants&#8217; lives. He extends the concept of classical nudging with Ralph Keeney by empowering individuals to become their own decision architects. In a well-received <a href=\"https:\/\/www.ted.com\/talks\/johannes_siebert_nudge_yourself_to_make_better_decisions\/up-next\">TEDxTalk<\/a>, he summarized the core ideas.<\/p>\n\n\n\n<p>Overall, he raised more than one million in third-party funding. Recently, he received a significant grant to develop and measure the impact of decision-making courses for high school students in Upper Franconia, Germany, who must decide on their post-school plans. The first results from the project KLUGentscheiden (Smart Deciding) indicate that <a href=\"https:\/\/johannessiebert.com\/?p=1521\">decision-making workshops enhance the proactive decision-making skills of high school students and empower them for their future decisions<\/a>.<\/p>\n\n\n\n<p>He also consulted for both public and private organizations in the US and Europe in research-oriented projects. For example, he <a href=\"https:\/\/johannessiebert.com\/?p=834\">identified and structured the strategic objectives for a huge European energy provider after Germany decided to fade out nuclear energy<\/a>, he <a href=\"https:\/\/johannessiebert.com\/?p=870\">identified and structured the objectives for the California Ministry of Transportation when allocating a 12 billion budget for the maintenance of highways and bridges in California<\/a>, he <a href=\"https:\/\/johannessiebert.com\/?p=967\">developed a method for a leading pharmaceutical company to prioritize and monitor compounds in multi-criteria portfolio design in the early stage of the development pipeline, which is characterized by high uncertainty<\/a>, or he <a href=\"https:\/\/johannessiebert.com\/?p=861\">identified and structured the objectives of the terrorist group Islamic State to provide a basis to create effective procedures to protect civilians in the Middle East, the United States, and Europe<\/a>. He was acknowledged as a finalist in the practice award of the Decision Analysis Society (INFORMS) three times.<\/p>\n","protected":false},"excerpt":{"rendered":"<p>Ich erforsche, wie sich datengetriebene Analysen systematisch in bessere Entscheidungen \u00fcbersetzen lassen. Mein Ziel ist es, Entscheidungsprozesse von Individuen, Organisationen und \u00f6ffentlichen Institutionen zu verstehen, zu modellieren und nachhaltig zu verbessern. Ziel ist es, Entscheidungsqualit\u00e4t messbar zu verbessern und dadurch bessere individuelle, organisationale und gesellschaftliche Ergebnisse zu erm\u00f6glichen. Im Zentrum steht dabei die Frage, wie [&hellip;]<\/p>\n","protected":false},"author":1,"featured_media":0,"parent":0,"menu_order":0,"comment_status":"closed","ping_status":"closed","template":"","meta":{"footnotes":""},"class_list":["post-167","page","type-page","status-publish","hentry"],"yoast_head":"<!-- This site is optimized with the Yoast SEO plugin v27.3 - https:\/\/yoast.com\/product\/yoast-seo-wordpress\/ -->\n<title>\u00dcber mich - Johannes Siebert<\/title>\n<meta name=\"description\" content=\"Johannes Siebert ist ein Verhaltens\u00f6konom, der Einzelnen und Organisationen hilft, bessere Entscheidung zu treffen. Er ver\u00f6ffentlicht seine Forschungsergebnisse in weltweit f\u00fchrenden Zeitschriften und wurde f\u00fcr seine Praxisprojekte mehrfach international ausgezeichnet.\" \/>\n<meta name=\"robots\" content=\"index, follow, max-snippet:-1, max-image-preview:large, max-video-preview:-1\" \/>\n<link rel=\"canonical\" href=\"https:\/\/johannessiebert.com\/?page_id=167\" \/>\n<meta property=\"og:locale\" content=\"en_US\" \/>\n<meta property=\"og:type\" content=\"article\" \/>\n<meta property=\"og:title\" content=\"\u00dcber mich - Johannes Siebert\" \/>\n<meta property=\"og:description\" content=\"Johannes Siebert ist ein Verhaltens\u00f6konom, der Einzelnen und Organisationen hilft, bessere Entscheidung zu treffen. Er ver\u00f6ffentlicht seine Forschungsergebnisse in weltweit f\u00fchrenden Zeitschriften und wurde f\u00fcr seine Praxisprojekte mehrfach international ausgezeichnet.\" \/>\n<meta property=\"og:url\" content=\"https:\/\/johannessiebert.com\/?page_id=167\" \/>\n<meta property=\"og:site_name\" content=\"Johannes Siebert\" \/>\n<meta property=\"article:modified_time\" content=\"2026-03-18T15:50:12+00:00\" \/>\n<meta name=\"twitter:card\" content=\"summary_large_image\" \/>\n<meta name=\"twitter:label1\" content=\"Est. reading time\" \/>\n\t<meta name=\"twitter:data1\" content=\"4 minutes\" \/>\n<script type=\"application\/ld+json\" class=\"yoast-schema-graph\">{\"@context\":\"https:\\\/\\\/schema.org\",\"@graph\":[{\"@type\":\"WebPage\",\"@id\":\"https:\\\/\\\/johannessiebert.com\\\/?page_id=167\",\"url\":\"https:\\\/\\\/johannessiebert.com\\\/?page_id=167\",\"name\":\"\u00dcber mich - Johannes Siebert\",\"isPartOf\":{\"@id\":\"https:\\\/\\\/johannessiebert.com\\\/#website\"},\"datePublished\":\"2019-02-04T19:30:23+00:00\",\"dateModified\":\"2026-03-18T15:50:12+00:00\",\"description\":\"Johannes Siebert ist ein Verhaltens\u00f6konom, der Einzelnen und Organisationen hilft, bessere Entscheidung zu treffen. Er ver\u00f6ffentlicht seine Forschungsergebnisse in weltweit f\u00fchrenden Zeitschriften und wurde f\u00fcr seine Praxisprojekte mehrfach international ausgezeichnet.\",\"breadcrumb\":{\"@id\":\"https:\\\/\\\/johannessiebert.com\\\/?page_id=167#breadcrumb\"},\"inLanguage\":\"en-US\",\"potentialAction\":[{\"@type\":\"ReadAction\",\"target\":[\"https:\\\/\\\/johannessiebert.com\\\/?page_id=167\"]}]},{\"@type\":\"BreadcrumbList\",\"@id\":\"https:\\\/\\\/johannessiebert.com\\\/?page_id=167#breadcrumb\",\"itemListElement\":[{\"@type\":\"ListItem\",\"position\":1,\"name\":\"Home\",\"item\":\"https:\\\/\\\/johannessiebert.com\\\/\"},{\"@type\":\"ListItem\",\"position\":2,\"name\":\"\u00dcber mich\"}]},{\"@type\":\"WebSite\",\"@id\":\"https:\\\/\\\/johannessiebert.com\\\/#website\",\"url\":\"https:\\\/\\\/johannessiebert.com\\\/\",\"name\":\"Johannes Siebert\",\"description\":\"\",\"publisher\":{\"@id\":\"https:\\\/\\\/johannessiebert.com\\\/#\\\/schema\\\/person\\\/88a0e8f3ff381564ff3156e66b6ef3bc\"},\"potentialAction\":[{\"@type\":\"SearchAction\",\"target\":{\"@type\":\"EntryPoint\",\"urlTemplate\":\"https:\\\/\\\/johannessiebert.com\\\/?s={search_term_string}\"},\"query-input\":{\"@type\":\"PropertyValueSpecification\",\"valueRequired\":true,\"valueName\":\"search_term_string\"}}],\"inLanguage\":\"en-US\"},{\"@type\":[\"Person\",\"Organization\"],\"@id\":\"https:\\\/\\\/johannessiebert.com\\\/#\\\/schema\\\/person\\\/88a0e8f3ff381564ff3156e66b6ef3bc\",\"name\":\"admin\",\"image\":{\"@type\":\"ImageObject\",\"inLanguage\":\"en-US\",\"@id\":\"https:\\\/\\\/johannessiebert.com\\\/wp-content\\\/uploads\\\/2021\\\/04\\\/168-Qualitaet-von-Entscheidungen-1.bmp\",\"url\":\"https:\\\/\\\/johannessiebert.com\\\/wp-content\\\/uploads\\\/2021\\\/04\\\/168-Qualitaet-von-Entscheidungen-1.bmp\",\"contentUrl\":\"https:\\\/\\\/johannessiebert.com\\\/wp-content\\\/uploads\\\/2021\\\/04\\\/168-Qualitaet-von-Entscheidungen-1.bmp\",\"width\":650,\"height\":738,\"caption\":\"admin\"},\"logo\":{\"@id\":\"https:\\\/\\\/johannessiebert.com\\\/wp-content\\\/uploads\\\/2021\\\/04\\\/168-Qualitaet-von-Entscheidungen-1.bmp\"}}]}<\/script>\n<!-- \/ Yoast SEO plugin. -->","yoast_head_json":{"title":"\u00dcber mich - Johannes Siebert","description":"Johannes Siebert ist ein Verhaltens\u00f6konom, der Einzelnen und Organisationen hilft, bessere Entscheidung zu treffen. Er ver\u00f6ffentlicht seine Forschungsergebnisse in weltweit f\u00fchrenden Zeitschriften und wurde f\u00fcr seine Praxisprojekte mehrfach international ausgezeichnet.","robots":{"index":"index","follow":"follow","max-snippet":"max-snippet:-1","max-image-preview":"max-image-preview:large","max-video-preview":"max-video-preview:-1"},"canonical":"https:\/\/johannessiebert.com\/?page_id=167","og_locale":"en_US","og_type":"article","og_title":"\u00dcber mich - Johannes Siebert","og_description":"Johannes Siebert ist ein Verhaltens\u00f6konom, der Einzelnen und Organisationen hilft, bessere Entscheidung zu treffen. Er ver\u00f6ffentlicht seine Forschungsergebnisse in weltweit f\u00fchrenden Zeitschriften und wurde f\u00fcr seine Praxisprojekte mehrfach international ausgezeichnet.","og_url":"https:\/\/johannessiebert.com\/?page_id=167","og_site_name":"Johannes Siebert","article_modified_time":"2026-03-18T15:50:12+00:00","twitter_card":"summary_large_image","twitter_misc":{"Est. reading time":"4 minutes"},"schema":{"@context":"https:\/\/schema.org","@graph":[{"@type":"WebPage","@id":"https:\/\/johannessiebert.com\/?page_id=167","url":"https:\/\/johannessiebert.com\/?page_id=167","name":"\u00dcber mich - Johannes Siebert","isPartOf":{"@id":"https:\/\/johannessiebert.com\/#website"},"datePublished":"2019-02-04T19:30:23+00:00","dateModified":"2026-03-18T15:50:12+00:00","description":"Johannes Siebert ist ein Verhaltens\u00f6konom, der Einzelnen und Organisationen hilft, bessere Entscheidung zu treffen. Er ver\u00f6ffentlicht seine Forschungsergebnisse in weltweit f\u00fchrenden Zeitschriften und wurde f\u00fcr seine Praxisprojekte mehrfach international ausgezeichnet.","breadcrumb":{"@id":"https:\/\/johannessiebert.com\/?page_id=167#breadcrumb"},"inLanguage":"en-US","potentialAction":[{"@type":"ReadAction","target":["https:\/\/johannessiebert.com\/?page_id=167"]}]},{"@type":"BreadcrumbList","@id":"https:\/\/johannessiebert.com\/?page_id=167#breadcrumb","itemListElement":[{"@type":"ListItem","position":1,"name":"Home","item":"https:\/\/johannessiebert.com\/"},{"@type":"ListItem","position":2,"name":"\u00dcber mich"}]},{"@type":"WebSite","@id":"https:\/\/johannessiebert.com\/#website","url":"https:\/\/johannessiebert.com\/","name":"Johannes Siebert","description":"","publisher":{"@id":"https:\/\/johannessiebert.com\/#\/schema\/person\/88a0e8f3ff381564ff3156e66b6ef3bc"},"potentialAction":[{"@type":"SearchAction","target":{"@type":"EntryPoint","urlTemplate":"https:\/\/johannessiebert.com\/?s={search_term_string}"},"query-input":{"@type":"PropertyValueSpecification","valueRequired":true,"valueName":"search_term_string"}}],"inLanguage":"en-US"},{"@type":["Person","Organization"],"@id":"https:\/\/johannessiebert.com\/#\/schema\/person\/88a0e8f3ff381564ff3156e66b6ef3bc","name":"admin","image":{"@type":"ImageObject","inLanguage":"en-US","@id":"https:\/\/johannessiebert.com\/wp-content\/uploads\/2021\/04\/168-Qualitaet-von-Entscheidungen-1.bmp","url":"https:\/\/johannessiebert.com\/wp-content\/uploads\/2021\/04\/168-Qualitaet-von-Entscheidungen-1.bmp","contentUrl":"https:\/\/johannessiebert.com\/wp-content\/uploads\/2021\/04\/168-Qualitaet-von-Entscheidungen-1.bmp","width":650,"height":738,"caption":"admin"},"logo":{"@id":"https:\/\/johannessiebert.com\/wp-content\/uploads\/2021\/04\/168-Qualitaet-von-Entscheidungen-1.bmp"}}]}},"_links":{"self":[{"href":"https:\/\/johannessiebert.com\/index.php?rest_route=\/wp\/v2\/pages\/167","targetHints":{"allow":["GET"]}}],"collection":[{"href":"https:\/\/johannessiebert.com\/index.php?rest_route=\/wp\/v2\/pages"}],"about":[{"href":"https:\/\/johannessiebert.com\/index.php?rest_route=\/wp\/v2\/types\/page"}],"author":[{"embeddable":true,"href":"https:\/\/johannessiebert.com\/index.php?rest_route=\/wp\/v2\/users\/1"}],"replies":[{"embeddable":true,"href":"https:\/\/johannessiebert.com\/index.php?rest_route=%2Fwp%2Fv2%2Fcomments&post=167"}],"version-history":[{"count":34,"href":"https:\/\/johannessiebert.com\/index.php?rest_route=\/wp\/v2\/pages\/167\/revisions"}],"predecessor-version":[{"id":2117,"href":"https:\/\/johannessiebert.com\/index.php?rest_route=\/wp\/v2\/pages\/167\/revisions\/2117"}],"wp:attachment":[{"href":"https:\/\/johannessiebert.com\/index.php?rest_route=%2Fwp%2Fv2%2Fmedia&parent=167"}],"curies":[{"name":"wp","href":"https:\/\/api.w.org\/{rel}","templated":true}]}}