{"id":121,"date":"2019-01-31T19:47:36","date_gmt":"2019-01-31T19:47:36","guid":{"rendered":"http:\/\/localhost\/johannessiebert\/?page_id=121"},"modified":"2025-02-11T17:13:46","modified_gmt":"2025-02-11T17:13:46","slug":"home-deutsch","status":"publish","type":"page","link":"https:\/\/johannessiebert.com\/","title":{"rendered":""},"content":{"rendered":"\n<div class=\"wp-block-cover alignwide is-light\" style=\"min-height:231px;aspect-ratio:unset;\"><span aria-hidden=\"true\" class=\"wp-block-cover__background has-background-dim-0 has-background-dim\" style=\"background-color:#a29888\"><\/span><img loading=\"lazy\" decoding=\"async\" width=\"2560\" height=\"1709\" class=\"wp-block-cover__image-background wp-image-656\" alt=\"\" src=\"https:\/\/johannessiebert.com\/wp-content\/uploads\/2021\/04\/Johannes-Siebert_MCI_Alliance-for-Decision-Education1-scaled.jpg\" style=\"object-position:52% 28%\" data-object-fit=\"cover\" data-object-position=\"52% 28%\" srcset=\"https:\/\/johannessiebert.com\/wp-content\/uploads\/2021\/04\/Johannes-Siebert_MCI_Alliance-for-Decision-Education1-scaled.jpg 2560w, https:\/\/johannessiebert.com\/wp-content\/uploads\/2021\/04\/Johannes-Siebert_MCI_Alliance-for-Decision-Education1-300x200.jpg 300w, https:\/\/johannessiebert.com\/wp-content\/uploads\/2021\/04\/Johannes-Siebert_MCI_Alliance-for-Decision-Education1-1024x684.jpg 1024w, https:\/\/johannessiebert.com\/wp-content\/uploads\/2021\/04\/Johannes-Siebert_MCI_Alliance-for-Decision-Education1-768x513.jpg 768w, https:\/\/johannessiebert.com\/wp-content\/uploads\/2021\/04\/Johannes-Siebert_MCI_Alliance-for-Decision-Education1-1536x1025.jpg 1536w, https:\/\/johannessiebert.com\/wp-content\/uploads\/2021\/04\/Johannes-Siebert_MCI_Alliance-for-Decision-Education1-2048x1367.jpg 2048w\" sizes=\"auto, (max-width: 2560px) 100vw, 2560px\" \/><div class=\"wp-block-cover__inner-container has-global-padding is-layout-constrained wp-block-cover-is-layout-constrained\">\n<p class=\"has-text-align-center has-large-font-size\"><\/p>\n<\/div><\/div>\n\n\n<div class=\"grid-container\">\r\n\t<a href=\"https:\/\/johannessiebert.com\/?p=1922\" class=\"grid-item single-image\">\r\n\t\t<img decoding=\"async\" src=\"https:\/\/johannessiebert.com\/wp-content\/uploads\/2021\/11\/FakeNews_Square.png\" alt=\"Primary Image 1\">\r\n\t<\/a>\r\n\t<a href=\"https:\/\/www.klugentscheiden.org\/\" class=\"grid-item single-image\">\r\n\t\t<img decoding=\"async\" src=\"https:\/\/johannessiebert.com\/wp-content\/uploads\/2021\/11\/Klug_Square.png\" alt=\"Primary Image 2\">\r\n\t<\/a>\r\n\t<a href=\"https:\/\/johannessiebert.com\/?page_id=241\" class=\"grid-item\">\r\n\t\t<img decoding=\"async\" src=\"https:\/\/johannessiebert.com\/wp-content\/uploads\/2021\/11\/Medien_Square.png\" alt=\"Primary Image 3\" class=\"primary\">\r\n\t\t<img decoding=\"async\" src=\"https:\/\/johannessiebert.com\/wp-content\/uploads\/2021\/11\/Medien_Text-DE.png\" alt=\"Secondary Image 3\" class=\"secondary\">\r\n\t<\/a>\r\n\t<a href=\"https:\/\/johannessiebert.com\/?page_id=235\" class=\"grid-item\">\r\n\t\t<img decoding=\"async\" src=\"https:\/\/johannessiebert.com\/wp-content\/uploads\/2021\/11\/Forschung_Square.png\" alt=\"Primary Image 4\" class=\"primary\">\r\n\t\t<img decoding=\"async\" src=\"https:\/\/johannessiebert.com\/wp-content\/uploads\/2021\/11\/Forschung_Text-DE.png\" alt=\"Secondary Image 4\" class=\"secondary\">\r\n\t<\/a>\r\n\t<a href=\"https:\/\/johannessiebert.com\/?page_id=221\" class=\"grid-item\">\r\n\t\t<img decoding=\"async\" src=\"https:\/\/johannessiebert.com\/wp-content\/uploads\/2021\/11\/Consulting_Square.png\" alt=\"Primary Image 5\" class=\"primary\">\r\n\t\t<img decoding=\"async\" src=\"https:\/\/johannessiebert.com\/wp-content\/uploads\/2021\/11\/Consulting_Text-DE.png\" alt=\"Secondary Image 5\" class=\"secondary\">\r\n\t<\/a>\r\n\t<a href=\"https:\/\/johannessiebert.com\/?page_id=167\" class=\"grid-item\">\r\n\t\t<img decoding=\"async\" src=\"https:\/\/johannessiebert.com\/wp-content\/uploads\/2022\/05\/aboutMe_Square.png\" alt=\"Primary Image 6\" class=\"primary\">\r\n\t\t<img decoding=\"async\" src=\"https:\/\/johannessiebert.com\/wp-content\/uploads\/2021\/11\/aboutMe_Text-DE.png\" alt=\"Secondary Image 6\" class=\"secondary\">\r\n\t<\/a>\r\n\t<a href=\"https:\/\/www.ted.com\/talks\/johannes_siebert_nudge_yourself_to_make_better_decisions\" class=\"grid-item single-image\">\r\n\t\t<img decoding=\"async\" src=\"https:\/\/johannessiebert.com\/wp-content\/uploads\/2022\/05\/TedxTalkSquare.png\" alt=\"Primary Image 7\" >\r\n\t<\/a>\r\n\t<a href=\"https:\/\/entscheidungsnavi.de\/\" class=\"grid-item single-image\">\r\n\t\t<img decoding=\"async\" src=\"https:\/\/johannessiebert.com\/wp-content\/uploads\/2021\/10\/Entscheidungsnavi_Square.png\" alt=\"Primary Image 8\">\r\n\t<\/a>\r\n\t<a href=\"https:\/\/imoox.at\/course\/smartentscheiden\" class=\"grid-item single-image\">\r\n\t\t<img decoding=\"async\" src=\"https:\/\/johannessiebert.com\/wp-content\/uploads\/2021\/10\/MOOC_Square.png\" alt=\"Primary Image 9\" >\r\n\t<\/a>\r\n<\/div>\n\n\n\n<div style=\"height:100px\" aria-hidden=\"true\" class=\"wp-block-spacer\"><\/div>\n\n\n\n<div class=\"wp-block-columns are-vertically-aligned-center has-small-font-size is-layout-flex wp-container-core-columns-is-layout-28f84493 wp-block-columns-is-layout-flex\">\n<div class=\"wp-block-column is-vertically-aligned-center is-layout-flow wp-block-column-is-layout-flow\" style=\"flex-basis:50%\">\n<div class=\"wp-block-buttons is-content-justification-right is-layout-flex wp-container-core-buttons-is-layout-d445cf74 wp-block-buttons-is-layout-flex\" id=\"LinkedIn\">\n<div class=\"wp-block-button has-custom-width wp-block-button__width-50\"><a class=\"wp-block-button__link has-white-color has-text-color has-link-color wp-element-button\" href=\"https:\/\/www.linkedin.com\/in\/johannes-siebert\/\" style=\"border-radius:0px\" target=\"_blank\" rel=\"https:\/\/www.linkedin.com\/in\/johannes-siebert\/ noopener\">LinkedIn<\/a><\/div>\n<\/div>\n<\/div>\n\n\n\n<div class=\"wp-block-column is-vertically-aligned-center is-layout-flow wp-block-column-is-layout-flow\" style=\"flex-basis:50%\">\n<div class=\"wp-block-buttons is-content-justification-left is-layout-flex wp-container-core-buttons-is-layout-fc4fd283 wp-block-buttons-is-layout-flex\">\n<div class=\"wp-block-button has-custom-width wp-block-button__width-50 is-style-fill\"><a class=\"wp-block-button__link has-white-color has-text-color has-link-color wp-element-button\" href=\"https:\/\/johannessiebert.com\/?page_id=1108\" style=\"border-radius:0px\">Newsletter<\/a><\/div>\n<\/div>\n<\/div>\n<\/div>\n\n\n\n<div style=\"height:100px\" aria-hidden=\"true\" class=\"wp-block-spacer\"><\/div>\n\n\n\n<div style=\"height:0px\" aria-hidden=\"true\" class=\"wp-block-spacer\"><\/div>\n\n\n<div id=\"ajax-load-more\" class=\"ajax-load-more-wrap blue\"  data-alm-id=\"\" data-canonical-url=\"https:\/\/johannessiebert.com\/\" data-slug=\"home-deutsch\" data-post-id=\"121\"  data-localized=\"ajax_load_more_vars\" data-alm-object=\"ajax_load_more\"><div aria-live=\"polite\" aria-atomic=\"true\" class=\"alm-listing alm-ajax\" data-container-type=\"div\" data-loading-style=\"blue\" data-repeater=\"default\" data-post-type=\"post\" data-category=\"pinned-de\" data-order=\"DESC\" data-orderby=\"date\" data-offset=\"0\" data-posts-per-page=\"3\" data-scroll=\"false\" data-button-label=\"Load More\" data-prev-button-label=\"Load Previous\"><\/div><div class=\"alm-btn-wrap\" data-rel=\"ajax-load-more\"><button class=\"alm-load-more-btn \" type=\"button\">Load More<\/button><\/div><\/div>\n\n\n\n<h2 class=\"wp-block-heading has-text-align-center\">Artikel<\/h2>\n\n\n<div id=\"ajax-load-more-2\" class=\"ajax-load-more-wrap blue\"  data-alm-id=\"\" data-canonical-url=\"https:\/\/johannessiebert.com\/\" data-slug=\"home-deutsch\" data-post-id=\"121\"  data-localized=\"ajax_load_more_2_vars\" data-alm-object=\"ajax_load_more_2\"><div aria-live=\"polite\" aria-atomic=\"true\" class=\"alm-listing alm-ajax\" data-container-type=\"div\" data-loading-style=\"blue\" data-repeater=\"default\" data-post-type=\"post\" data-category=\"beratung,blog,forschung,veroeffentlichungen-forschung,veroeffentlichungen-studenten\" data-order=\"DESC\" data-orderby=\"date\" data-offset=\"0\" data-posts-per-page=\"3\" data-scroll=\"false\" data-button-label=\"Load More\" data-prev-button-label=\"Load Previous\"><\/div><div class=\"alm-btn-wrap\" data-rel=\"ajax-load-more-2\"><button class=\"alm-load-more-btn \" type=\"button\">Load More<\/button><\/div><\/div>\n\n\n\n<p><\/p>\n","protected":false},"excerpt":{"rendered":"<p>Artikel<\/p>\n","protected":false},"author":1,"featured_media":656,"parent":0,"menu_order":0,"comment_status":"closed","ping_status":"closed","template":"","meta":{"footnotes":""},"class_list":["post-121","page","type-page","status-publish","has-post-thumbnail","hentry"],"yoast_head":"<!-- This site is optimized with the Yoast SEO plugin v27.3 - https:\/\/yoast.com\/product\/yoast-seo-wordpress\/ -->\n<title>- Johannes Siebert<\/title>\n<meta name=\"description\" content=\"Der Verhaltens\u00f6konom und Entscheidungswissenschaftler Johannes Siebert hilft Einzelnen und Organisationen, bessere Entscheidung zu treffen. Er ver\u00f6ffentlicht seine Forschungsergebnisse in weltweit f\u00fchrenden Zeitschriften und wurde f\u00fcr seine Praxisprojekte mehrfach international ausgezeichnet.\" \/>\n<meta name=\"robots\" content=\"index, follow, max-snippet:-1, max-image-preview:large, max-video-preview:-1\" \/>\n<link rel=\"canonical\" href=\"https:\/\/johannessiebert.com\/\" \/>\n<meta property=\"og:locale\" content=\"en_US\" \/>\n<meta property=\"og:type\" content=\"article\" \/>\n<meta property=\"og:title\" content=\"- Johannes Siebert\" \/>\n<meta property=\"og:description\" content=\"Der Verhaltens\u00f6konom und Entscheidungswissenschaftler Johannes Siebert hilft Einzelnen und Organisationen, bessere Entscheidung zu treffen. Er ver\u00f6ffentlicht seine Forschungsergebnisse in weltweit f\u00fchrenden Zeitschriften und wurde f\u00fcr seine Praxisprojekte mehrfach international ausgezeichnet.\" \/>\n<meta property=\"og:url\" content=\"https:\/\/johannessiebert.com\/\" \/>\n<meta property=\"og:site_name\" content=\"Johannes Siebert\" \/>\n<meta property=\"article:modified_time\" content=\"2025-02-11T17:13:46+00:00\" \/>\n<meta property=\"og:image\" content=\"https:\/\/johannessiebert.com\/wp-content\/uploads\/2021\/04\/Johannes-Siebert_MCI_Alliance-for-Decision-Education1-scaled.jpg\" \/>\n\t<meta property=\"og:image:width\" content=\"2560\" \/>\n\t<meta property=\"og:image:height\" content=\"1709\" \/>\n\t<meta property=\"og:image:type\" content=\"image\/jpeg\" \/>\n<meta name=\"twitter:card\" content=\"summary_large_image\" \/>\n<meta name=\"twitter:label1\" content=\"Est. reading time\" \/>\n\t<meta name=\"twitter:data1\" content=\"1 minute\" \/>\n<script type=\"application\/ld+json\" class=\"yoast-schema-graph\">{\"@context\":\"https:\\\/\\\/schema.org\",\"@graph\":[{\"@type\":\"WebPage\",\"@id\":\"https:\\\/\\\/johannessiebert.com\\\/\",\"url\":\"https:\\\/\\\/johannessiebert.com\\\/\",\"name\":\"- Johannes Siebert\",\"isPartOf\":{\"@id\":\"https:\\\/\\\/johannessiebert.com\\\/#website\"},\"primaryImageOfPage\":{\"@id\":\"https:\\\/\\\/johannessiebert.com\\\/#primaryimage\"},\"image\":{\"@id\":\"https:\\\/\\\/johannessiebert.com\\\/#primaryimage\"},\"thumbnailUrl\":\"https:\\\/\\\/johannessiebert.com\\\/wp-content\\\/uploads\\\/2021\\\/04\\\/Johannes-Siebert_MCI_Alliance-for-Decision-Education1-scaled.jpg\",\"datePublished\":\"2019-01-31T19:47:36+00:00\",\"dateModified\":\"2025-02-11T17:13:46+00:00\",\"description\":\"Der Verhaltens\u00f6konom und Entscheidungswissenschaftler Johannes Siebert hilft Einzelnen und Organisationen, bessere Entscheidung zu treffen. Er ver\u00f6ffentlicht seine Forschungsergebnisse in weltweit f\u00fchrenden Zeitschriften und wurde f\u00fcr seine Praxisprojekte mehrfach international ausgezeichnet.\",\"inLanguage\":\"en-US\",\"potentialAction\":[{\"@type\":\"ReadAction\",\"target\":[\"https:\\\/\\\/johannessiebert.com\\\/\"]}]},{\"@type\":\"ImageObject\",\"inLanguage\":\"en-US\",\"@id\":\"https:\\\/\\\/johannessiebert.com\\\/#primaryimage\",\"url\":\"https:\\\/\\\/johannessiebert.com\\\/wp-content\\\/uploads\\\/2021\\\/04\\\/Johannes-Siebert_MCI_Alliance-for-Decision-Education1-scaled.jpg\",\"contentUrl\":\"https:\\\/\\\/johannessiebert.com\\\/wp-content\\\/uploads\\\/2021\\\/04\\\/Johannes-Siebert_MCI_Alliance-for-Decision-Education1-scaled.jpg\",\"width\":2560,\"height\":1709},{\"@type\":\"WebSite\",\"@id\":\"https:\\\/\\\/johannessiebert.com\\\/#website\",\"url\":\"https:\\\/\\\/johannessiebert.com\\\/\",\"name\":\"Johannes Siebert\",\"description\":\"\",\"publisher\":{\"@id\":\"https:\\\/\\\/johannessiebert.com\\\/#\\\/schema\\\/person\\\/88a0e8f3ff381564ff3156e66b6ef3bc\"},\"potentialAction\":[{\"@type\":\"SearchAction\",\"target\":{\"@type\":\"EntryPoint\",\"urlTemplate\":\"https:\\\/\\\/johannessiebert.com\\\/?s={search_term_string}\"},\"query-input\":{\"@type\":\"PropertyValueSpecification\",\"valueRequired\":true,\"valueName\":\"search_term_string\"}}],\"inLanguage\":\"en-US\"},{\"@type\":[\"Person\",\"Organization\"],\"@id\":\"https:\\\/\\\/johannessiebert.com\\\/#\\\/schema\\\/person\\\/88a0e8f3ff381564ff3156e66b6ef3bc\",\"name\":\"admin\",\"image\":{\"@type\":\"ImageObject\",\"inLanguage\":\"en-US\",\"@id\":\"https:\\\/\\\/johannessiebert.com\\\/wp-content\\\/uploads\\\/2021\\\/04\\\/168-Qualitaet-von-Entscheidungen-1.bmp\",\"url\":\"https:\\\/\\\/johannessiebert.com\\\/wp-content\\\/uploads\\\/2021\\\/04\\\/168-Qualitaet-von-Entscheidungen-1.bmp\",\"contentUrl\":\"https:\\\/\\\/johannessiebert.com\\\/wp-content\\\/uploads\\\/2021\\\/04\\\/168-Qualitaet-von-Entscheidungen-1.bmp\",\"width\":650,\"height\":738,\"caption\":\"admin\"},\"logo\":{\"@id\":\"https:\\\/\\\/johannessiebert.com\\\/wp-content\\\/uploads\\\/2021\\\/04\\\/168-Qualitaet-von-Entscheidungen-1.bmp\"}}]}<\/script>\n<!-- \/ Yoast SEO plugin. -->","yoast_head_json":{"title":"- Johannes Siebert","description":"Der Verhaltens\u00f6konom und Entscheidungswissenschaftler Johannes Siebert hilft Einzelnen und Organisationen, bessere Entscheidung zu treffen. Er ver\u00f6ffentlicht seine Forschungsergebnisse in weltweit f\u00fchrenden Zeitschriften und wurde f\u00fcr seine Praxisprojekte mehrfach international ausgezeichnet.","robots":{"index":"index","follow":"follow","max-snippet":"max-snippet:-1","max-image-preview":"max-image-preview:large","max-video-preview":"max-video-preview:-1"},"canonical":"https:\/\/johannessiebert.com\/","og_locale":"en_US","og_type":"article","og_title":"- Johannes Siebert","og_description":"Der Verhaltens\u00f6konom und Entscheidungswissenschaftler Johannes Siebert hilft Einzelnen und Organisationen, bessere Entscheidung zu treffen. Er ver\u00f6ffentlicht seine Forschungsergebnisse in weltweit f\u00fchrenden Zeitschriften und wurde f\u00fcr seine Praxisprojekte mehrfach international ausgezeichnet.","og_url":"https:\/\/johannessiebert.com\/","og_site_name":"Johannes Siebert","article_modified_time":"2025-02-11T17:13:46+00:00","og_image":[{"width":2560,"height":1709,"url":"https:\/\/johannessiebert.com\/wp-content\/uploads\/2021\/04\/Johannes-Siebert_MCI_Alliance-for-Decision-Education1-scaled.jpg","type":"image\/jpeg"}],"twitter_card":"summary_large_image","twitter_misc":{"Est. reading time":"1 minute"},"schema":{"@context":"https:\/\/schema.org","@graph":[{"@type":"WebPage","@id":"https:\/\/johannessiebert.com\/","url":"https:\/\/johannessiebert.com\/","name":"- Johannes Siebert","isPartOf":{"@id":"https:\/\/johannessiebert.com\/#website"},"primaryImageOfPage":{"@id":"https:\/\/johannessiebert.com\/#primaryimage"},"image":{"@id":"https:\/\/johannessiebert.com\/#primaryimage"},"thumbnailUrl":"https:\/\/johannessiebert.com\/wp-content\/uploads\/2021\/04\/Johannes-Siebert_MCI_Alliance-for-Decision-Education1-scaled.jpg","datePublished":"2019-01-31T19:47:36+00:00","dateModified":"2025-02-11T17:13:46+00:00","description":"Der Verhaltens\u00f6konom und Entscheidungswissenschaftler Johannes Siebert hilft Einzelnen und Organisationen, bessere Entscheidung zu treffen. Er ver\u00f6ffentlicht seine Forschungsergebnisse in weltweit f\u00fchrenden Zeitschriften und wurde f\u00fcr seine Praxisprojekte mehrfach international ausgezeichnet.","inLanguage":"en-US","potentialAction":[{"@type":"ReadAction","target":["https:\/\/johannessiebert.com\/"]}]},{"@type":"ImageObject","inLanguage":"en-US","@id":"https:\/\/johannessiebert.com\/#primaryimage","url":"https:\/\/johannessiebert.com\/wp-content\/uploads\/2021\/04\/Johannes-Siebert_MCI_Alliance-for-Decision-Education1-scaled.jpg","contentUrl":"https:\/\/johannessiebert.com\/wp-content\/uploads\/2021\/04\/Johannes-Siebert_MCI_Alliance-for-Decision-Education1-scaled.jpg","width":2560,"height":1709},{"@type":"WebSite","@id":"https:\/\/johannessiebert.com\/#website","url":"https:\/\/johannessiebert.com\/","name":"Johannes Siebert","description":"","publisher":{"@id":"https:\/\/johannessiebert.com\/#\/schema\/person\/88a0e8f3ff381564ff3156e66b6ef3bc"},"potentialAction":[{"@type":"SearchAction","target":{"@type":"EntryPoint","urlTemplate":"https:\/\/johannessiebert.com\/?s={search_term_string}"},"query-input":{"@type":"PropertyValueSpecification","valueRequired":true,"valueName":"search_term_string"}}],"inLanguage":"en-US"},{"@type":["Person","Organization"],"@id":"https:\/\/johannessiebert.com\/#\/schema\/person\/88a0e8f3ff381564ff3156e66b6ef3bc","name":"admin","image":{"@type":"ImageObject","inLanguage":"en-US","@id":"https:\/\/johannessiebert.com\/wp-content\/uploads\/2021\/04\/168-Qualitaet-von-Entscheidungen-1.bmp","url":"https:\/\/johannessiebert.com\/wp-content\/uploads\/2021\/04\/168-Qualitaet-von-Entscheidungen-1.bmp","contentUrl":"https:\/\/johannessiebert.com\/wp-content\/uploads\/2021\/04\/168-Qualitaet-von-Entscheidungen-1.bmp","width":650,"height":738,"caption":"admin"},"logo":{"@id":"https:\/\/johannessiebert.com\/wp-content\/uploads\/2021\/04\/168-Qualitaet-von-Entscheidungen-1.bmp"}}]}},"_links":{"self":[{"href":"https:\/\/johannessiebert.com\/index.php?rest_route=\/wp\/v2\/pages\/121","targetHints":{"allow":["GET"]}}],"collection":[{"href":"https:\/\/johannessiebert.com\/index.php?rest_route=\/wp\/v2\/pages"}],"about":[{"href":"https:\/\/johannessiebert.com\/index.php?rest_route=\/wp\/v2\/types\/page"}],"author":[{"embeddable":true,"href":"https:\/\/johannessiebert.com\/index.php?rest_route=\/wp\/v2\/users\/1"}],"replies":[{"embeddable":true,"href":"https:\/\/johannessiebert.com\/index.php?rest_route=%2Fwp%2Fv2%2Fcomments&post=121"}],"version-history":[{"count":82,"href":"https:\/\/johannessiebert.com\/index.php?rest_route=\/wp\/v2\/pages\/121\/revisions"}],"predecessor-version":[{"id":2040,"href":"https:\/\/johannessiebert.com\/index.php?rest_route=\/wp\/v2\/pages\/121\/revisions\/2040"}],"wp:featuredmedia":[{"embeddable":true,"href":"https:\/\/johannessiebert.com\/index.php?rest_route=\/wp\/v2\/media\/656"}],"wp:attachment":[{"href":"https:\/\/johannessiebert.com\/index.php?rest_route=%2Fwp%2Fv2%2Fmedia&parent=121"}],"curies":[{"name":"wp","href":"https:\/\/api.w.org\/{rel}","templated":true}]}}